{"id":309,"date":"2020-10-31T21:54:20","date_gmt":"2020-10-31T21:54:20","guid":{"rendered":"https:\/\/livetvbrasil.com.br\/site\/?post_type=product&#038;p=309"},"modified":"2020-10-31T21:54:21","modified_gmt":"2020-10-31T21:54:21","slug":"smart-tv-led-43-samsung","status":"publish","type":"product","link":"https:\/\/livetvbrasil.com.br\/site\/produto\/smart-tv-led-43-samsung\/","title":{"rendered":"Smart Tv Led 43&#8221; Samsung"},"content":{"rendered":"<p>Samsung SMART TV, Navegador (Web Browser), Espelhamento do Smartphone para TV, Acessibilidade &#8211; Guia de Voz (Ingl\u00eas &#8211; EUA, Portugu\u00eas &#8211; Brasil), Ampliar, Aumento de Contraste, Aprenda a mexer no Controle Remoto da TV (Ingl\u00eas &#8211; EUA, \u00c1udio de m\u00faltiplas sa\u00eddas, Cores negativas, Preto e Branco, Aprenda a mexer no Menu (Ingl\u00eas &#8211; EUA, Zoom de v\u00eddeo, Digital Clean View, Busca autom\u00e1tica de canais, Desligamento Autom\u00e1tico, Legenda, Connect Share (HDD), ConnectShare (USB 2.0), Idioma (Local &#8211; Brasil &#8211; Portugu\u00eas), Compat\u00edvel com HID USB, IPv6 Support, Sensor Ecol\u00f3gico, Selo Procel (&#8220;A&#8221;).<\/p>\n","protected":false},"excerpt":{"rendered":"<p>Samsung SMART TV, Navegador (Web Browser), Espelhamento do Smartphone para TV, Acessibilidade &#8211; Guia de Voz (Ingl\u00eas &#8211; EUA, Portugu\u00eas &#8211; Brasil), Ampliar, Aumento de Contraste, Aprenda a mexer no Controle Remoto da TV (Ingl\u00eas &#8211; EUA, \u00c1udio de m\u00faltiplas sa\u00eddas, Cores negativas, Preto e Branco, Aprenda a mexer no Menu (Ingl\u00eas &#8211; EUA, Zoom [&hellip;]<\/p>\n","protected":false},"featured_media":310,"template":"","meta":[],"yoast_head":"<!-- This site is optimized with the Yoast SEO plugin v15.8 - https:\/\/yoast.com\/wordpress\/plugins\/seo\/ -->\n<meta name=\"robots\" content=\"index, follow, max-snippet:-1, max-image-preview:large, max-video-preview:-1\" \/>\n<link rel=\"canonical\" href=\"https:\/\/livetvbrasil.com.br\/site\/produto\/smart-tv-led-43-samsung\/\" \/>\n<meta property=\"og:locale\" content=\"pt_BR\" \/>\n<meta property=\"og:type\" content=\"article\" \/>\n<meta property=\"og:title\" content=\"Smart Tv Led 43&#039;&#039; Samsung - LivetvBrasil Streaming Prossional e Produtora\" \/>\n<meta property=\"og:description\" content=\"Samsung SMART TV, Navegador (Web Browser), Espelhamento do Smartphone para TV, Acessibilidade &#8211; Guia de Voz (Ingl\u00eas &#8211; EUA, Portugu\u00eas &#8211; Brasil), Ampliar, Aumento de Contraste, Aprenda a mexer no Controle Remoto da TV (Ingl\u00eas &#8211; EUA, \u00c1udio de m\u00faltiplas sa\u00eddas, Cores negativas, Preto e Branco, Aprenda a mexer no Menu (Ingl\u00eas &#8211; EUA, Zoom [&hellip;]\" \/>\n<meta property=\"og:url\" content=\"https:\/\/livetvbrasil.com.br\/site\/produto\/smart-tv-led-43-samsung\/\" \/>\n<meta property=\"og:site_name\" content=\"LivetvBrasil Streaming Prossional e Produtora\" \/>\n<meta property=\"article:modified_time\" content=\"2020-10-31T21:54:21+00:00\" \/>\n<meta property=\"og:image\" content=\"https:\/\/livetvbrasil.com.br\/site\/wp-content\/uploads\/2020\/10\/download.png\" \/>\n\t<meta property=\"og:image:width\" content=\"280\" \/>\n\t<meta property=\"og:image:height\" content=\"180\" \/>\n<meta name=\"twitter:card\" content=\"summary_large_image\" \/>\n<meta name=\"twitter:label1\" content=\"Est. reading time\">\n\t<meta name=\"twitter:data1\" content=\"1 minuto\">\n<script type=\"application\/ld+json\" class=\"yoast-schema-graph\">{\"@context\":\"https:\/\/schema.org\",\"@graph\":[{\"@type\":\"WebSite\",\"@id\":\"https:\/\/livetvbrasil.com.br\/site\/#website\",\"url\":\"https:\/\/livetvbrasil.com.br\/site\/\",\"name\":\"LivetvBrasil Streaming Prossional e Produtora\",\"description\":\"Live Tv Brasil \\u00e9 especializada em streaming para eventos, shows, desfiles, jogos, treinamentos, cultos, feiras, entre outros.\",\"potentialAction\":[{\"@type\":\"SearchAction\",\"target\":\"https:\/\/livetvbrasil.com.br\/site\/?s={search_term_string}\",\"query-input\":\"required name=search_term_string\"}],\"inLanguage\":\"pt-BR\"},{\"@type\":\"ImageObject\",\"@id\":\"https:\/\/livetvbrasil.com.br\/site\/produto\/smart-tv-led-43-samsung\/#primaryimage\",\"inLanguage\":\"pt-BR\",\"url\":\"https:\/\/livetvbrasil.com.br\/site\/wp-content\/uploads\/2020\/10\/download.png\",\"width\":280,\"height\":180},{\"@type\":\"WebPage\",\"@id\":\"https:\/\/livetvbrasil.com.br\/site\/produto\/smart-tv-led-43-samsung\/#webpage\",\"url\":\"https:\/\/livetvbrasil.com.br\/site\/produto\/smart-tv-led-43-samsung\/\",\"name\":\"Smart Tv Led 43'' Samsung - LivetvBrasil Streaming Prossional e Produtora\",\"isPartOf\":{\"@id\":\"https:\/\/livetvbrasil.com.br\/site\/#website\"},\"primaryImageOfPage\":{\"@id\":\"https:\/\/livetvbrasil.com.br\/site\/produto\/smart-tv-led-43-samsung\/#primaryimage\"},\"datePublished\":\"2020-10-31T21:54:20+00:00\",\"dateModified\":\"2020-10-31T21:54:21+00:00\",\"breadcrumb\":{\"@id\":\"https:\/\/livetvbrasil.com.br\/site\/produto\/smart-tv-led-43-samsung\/#breadcrumb\"},\"inLanguage\":\"pt-BR\",\"potentialAction\":[{\"@type\":\"ReadAction\",\"target\":[\"https:\/\/livetvbrasil.com.br\/site\/produto\/smart-tv-led-43-samsung\/\"]}]},{\"@type\":\"BreadcrumbList\",\"@id\":\"https:\/\/livetvbrasil.com.br\/site\/produto\/smart-tv-led-43-samsung\/#breadcrumb\",\"itemListElement\":[{\"@type\":\"ListItem\",\"position\":1,\"item\":{\"@type\":\"WebPage\",\"@id\":\"https:\/\/livetvbrasil.com.br\/site\/\",\"url\":\"https:\/\/livetvbrasil.com.br\/site\/\",\"name\":\"In\\u00edcio\"}},{\"@type\":\"ListItem\",\"position\":2,\"item\":{\"@type\":\"WebPage\",\"@id\":\"https:\/\/livetvbrasil.com.br\/site\/aluguel\/\",\"url\":\"https:\/\/livetvbrasil.com.br\/site\/aluguel\/\",\"name\":\"aluguel\"}},{\"@type\":\"ListItem\",\"position\":3,\"item\":{\"@type\":\"WebPage\",\"@id\":\"https:\/\/livetvbrasil.com.br\/site\/produto\/smart-tv-led-43-samsung\/\",\"url\":\"https:\/\/livetvbrasil.com.br\/site\/produto\/smart-tv-led-43-samsung\/\",\"name\":\"Smart Tv Led 43&#8221; Samsung\"}}]}]}<\/script>\n<!-- \/ Yoast SEO plugin. -->","_links":{"self":[{"href":"https:\/\/livetvbrasil.com.br\/site\/wp-json\/wp\/v2\/product\/309"}],"collection":[{"href":"https:\/\/livetvbrasil.com.br\/site\/wp-json\/wp\/v2\/product"}],"about":[{"href":"https:\/\/livetvbrasil.com.br\/site\/wp-json\/wp\/v2\/types\/product"}],"wp:featuredmedia":[{"embeddable":true,"href":"https:\/\/livetvbrasil.com.br\/site\/wp-json\/wp\/v2\/media\/310"}],"wp:attachment":[{"href":"https:\/\/livetvbrasil.com.br\/site\/wp-json\/wp\/v2\/media?parent=309"}],"curies":[{"name":"wp","href":"https:\/\/api.w.org\/{rel}","templated":true}]}}