{"id":312,"date":"2020-10-31T22:09:13","date_gmt":"2020-10-31T22:09:13","guid":{"rendered":"https:\/\/livetvbrasil.com.br\/site\/?post_type=product&#038;p=312"},"modified":"2020-10-31T22:10:31","modified_gmt":"2020-10-31T22:10:31","slug":"teleprompter-profissional-monitor-led-lcd-hv600","status":"publish","type":"product","link":"https:\/\/livetvbrasil.com.br\/site\/produto\/teleprompter-profissional-monitor-led-lcd-hv600\/","title":{"rendered":"Teleprompter Profissional Monitor Led Lcd Hv600"},"content":{"rendered":"<p>Teleprompter Especial para monitores<br \/>\nLED\/LCD com Suporte Telesc\u00f3pico para iPad ou Tablet Android<\/p>\n<p>&#8211; Com este teleprompter voc\u00ea pode facilmente carregar textos, ajustar a velocidade de leitura, o tamanho dos caracteres e cores.<\/p>\n<p>&#8211; Com regulagem para ajustar facilmente a altura do semi-espelho.<\/p>\n<p>&#8211; O Teleprompter Especial fixa na totalidade dos trip\u00e9s da linha v\u00eddeo.<\/p>\n<p>&#8211; Acompanha:<br \/>\n&gt; C\u00e2mera escura em korino preto<br \/>\n&gt; Par de m\u00e1scra anti ofuscamente lateral em korino preto<br \/>\n&gt; Man\u00edpulo de 1\/4 para fixa\u00e7\u00e3o da c\u00e2mera<br \/>\n&gt; Suporte telesc\u00f3pico para tablets<br \/>\n&gt; Adaptador para monitor com fura\u00e7\u00e3o traseira<br \/>\n&gt; Adaptador para handycam e DSLR<br \/>\n&gt; Semi-espelho de 23&#8243;<br \/>\n&gt; Software multi plataforma (Windows, Mac)<\/p>\n<p>&#8211; Este teleprompter suporta quase todas as c\u00e2meras pequenas e m\u00e9dias<\/p>\n","protected":false},"excerpt":{"rendered":"<p>Teleprompter Especial para monitores LED\/LCD com Suporte Telesc\u00f3pico para iPad ou Tablet Android &#8211; Com este teleprompter voc\u00ea pode facilmente carregar textos, ajustar a velocidade de leitura, o tamanho dos caracteres e cores. &#8211; Com regulagem para ajustar facilmente a altura do semi-espelho. &#8211; O Teleprompter Especial fixa na totalidade dos trip\u00e9s da linha v\u00eddeo. [&hellip;]<\/p>\n","protected":false},"featured_media":313,"template":"","meta":[],"yoast_head":"<!-- This site is optimized with the Yoast SEO plugin v15.8 - https:\/\/yoast.com\/wordpress\/plugins\/seo\/ -->\n<meta name=\"robots\" content=\"index, follow, max-snippet:-1, max-image-preview:large, max-video-preview:-1\" \/>\n<link rel=\"canonical\" href=\"https:\/\/livetvbrasil.com.br\/site\/produto\/teleprompter-profissional-monitor-led-lcd-hv600\/\" \/>\n<meta property=\"og:locale\" content=\"pt_BR\" \/>\n<meta property=\"og:type\" content=\"article\" \/>\n<meta property=\"og:title\" content=\"Teleprompter Profissional Monitor Led Lcd Hv600 - LivetvBrasil Streaming Prossional e Produtora\" \/>\n<meta property=\"og:description\" content=\"Teleprompter Especial para monitores LED\/LCD com Suporte Telesc\u00f3pico para iPad ou Tablet Android &#8211; Com este teleprompter voc\u00ea pode facilmente carregar textos, ajustar a velocidade de leitura, o tamanho dos caracteres e cores. &#8211; Com regulagem para ajustar facilmente a altura do semi-espelho. &#8211; O Teleprompter Especial fixa na totalidade dos trip\u00e9s da linha v\u00eddeo. [&hellip;]\" \/>\n<meta property=\"og:url\" content=\"https:\/\/livetvbrasil.com.br\/site\/produto\/teleprompter-profissional-monitor-led-lcd-hv600\/\" \/>\n<meta property=\"og:site_name\" content=\"LivetvBrasil Streaming Prossional e Produtora\" \/>\n<meta property=\"article:modified_time\" content=\"2020-10-31T22:10:31+00:00\" \/>\n<meta property=\"og:image\" content=\"https:\/\/livetvbrasil.com.br\/site\/wp-content\/uploads\/2020\/10\/telepronpter.png\" \/>\n\t<meta property=\"og:image:width\" content=\"280\" \/>\n\t<meta property=\"og:image:height\" content=\"180\" \/>\n<meta name=\"twitter:card\" content=\"summary_large_image\" \/>\n<meta name=\"twitter:label1\" content=\"Est. reading time\">\n\t<meta name=\"twitter:data1\" content=\"1 minuto\">\n<script type=\"application\/ld+json\" class=\"yoast-schema-graph\">{\"@context\":\"https:\/\/schema.org\",\"@graph\":[{\"@type\":\"WebSite\",\"@id\":\"https:\/\/livetvbrasil.com.br\/site\/#website\",\"url\":\"https:\/\/livetvbrasil.com.br\/site\/\",\"name\":\"LivetvBrasil Streaming Prossional e Produtora\",\"description\":\"Live Tv Brasil \\u00e9 especializada em streaming para eventos, shows, desfiles, jogos, treinamentos, cultos, feiras, entre outros.\",\"potentialAction\":[{\"@type\":\"SearchAction\",\"target\":\"https:\/\/livetvbrasil.com.br\/site\/?s={search_term_string}\",\"query-input\":\"required name=search_term_string\"}],\"inLanguage\":\"pt-BR\"},{\"@type\":\"ImageObject\",\"@id\":\"https:\/\/livetvbrasil.com.br\/site\/produto\/teleprompter-profissional-monitor-led-lcd-hv600\/#primaryimage\",\"inLanguage\":\"pt-BR\",\"url\":\"https:\/\/livetvbrasil.com.br\/site\/wp-content\/uploads\/2020\/10\/telepronpter.png\",\"width\":280,\"height\":180},{\"@type\":\"WebPage\",\"@id\":\"https:\/\/livetvbrasil.com.br\/site\/produto\/teleprompter-profissional-monitor-led-lcd-hv600\/#webpage\",\"url\":\"https:\/\/livetvbrasil.com.br\/site\/produto\/teleprompter-profissional-monitor-led-lcd-hv600\/\",\"name\":\"Teleprompter Profissional Monitor Led Lcd Hv600 - LivetvBrasil Streaming Prossional e Produtora\",\"isPartOf\":{\"@id\":\"https:\/\/livetvbrasil.com.br\/site\/#website\"},\"primaryImageOfPage\":{\"@id\":\"https:\/\/livetvbrasil.com.br\/site\/produto\/teleprompter-profissional-monitor-led-lcd-hv600\/#primaryimage\"},\"datePublished\":\"2020-10-31T22:09:13+00:00\",\"dateModified\":\"2020-10-31T22:10:31+00:00\",\"breadcrumb\":{\"@id\":\"https:\/\/livetvbrasil.com.br\/site\/produto\/teleprompter-profissional-monitor-led-lcd-hv600\/#breadcrumb\"},\"inLanguage\":\"pt-BR\",\"potentialAction\":[{\"@type\":\"ReadAction\",\"target\":[\"https:\/\/livetvbrasil.com.br\/site\/produto\/teleprompter-profissional-monitor-led-lcd-hv600\/\"]}]},{\"@type\":\"BreadcrumbList\",\"@id\":\"https:\/\/livetvbrasil.com.br\/site\/produto\/teleprompter-profissional-monitor-led-lcd-hv600\/#breadcrumb\",\"itemListElement\":[{\"@type\":\"ListItem\",\"position\":1,\"item\":{\"@type\":\"WebPage\",\"@id\":\"https:\/\/livetvbrasil.com.br\/site\/\",\"url\":\"https:\/\/livetvbrasil.com.br\/site\/\",\"name\":\"In\\u00edcio\"}},{\"@type\":\"ListItem\",\"position\":2,\"item\":{\"@type\":\"WebPage\",\"@id\":\"https:\/\/livetvbrasil.com.br\/site\/aluguel\/\",\"url\":\"https:\/\/livetvbrasil.com.br\/site\/aluguel\/\",\"name\":\"aluguel\"}},{\"@type\":\"ListItem\",\"position\":3,\"item\":{\"@type\":\"WebPage\",\"@id\":\"https:\/\/livetvbrasil.com.br\/site\/produto\/teleprompter-profissional-monitor-led-lcd-hv600\/\",\"url\":\"https:\/\/livetvbrasil.com.br\/site\/produto\/teleprompter-profissional-monitor-led-lcd-hv600\/\",\"name\":\"Teleprompter Profissional Monitor Led Lcd Hv600\"}}]}]}<\/script>\n<!-- \/ Yoast SEO plugin. -->","_links":{"self":[{"href":"https:\/\/livetvbrasil.com.br\/site\/wp-json\/wp\/v2\/product\/312"}],"collection":[{"href":"https:\/\/livetvbrasil.com.br\/site\/wp-json\/wp\/v2\/product"}],"about":[{"href":"https:\/\/livetvbrasil.com.br\/site\/wp-json\/wp\/v2\/types\/product"}],"wp:featuredmedia":[{"embeddable":true,"href":"https:\/\/livetvbrasil.com.br\/site\/wp-json\/wp\/v2\/media\/313"}],"wp:attachment":[{"href":"https:\/\/livetvbrasil.com.br\/site\/wp-json\/wp\/v2\/media?parent=312"}],"curies":[{"name":"wp","href":"https:\/\/api.w.org\/{rel}","templated":true}]}}