{"id":321,"date":"2020-10-31T22:45:04","date_gmt":"2020-10-31T22:45:04","guid":{"rendered":"https:\/\/livetvbrasil.com.br\/site\/?post_type=product&#038;p=321"},"modified":"2020-10-31T22:45:35","modified_gmt":"2020-10-31T22:45:35","slug":"suporte-dolly-universal","status":"publish","type":"product","link":"https:\/\/livetvbrasil.com.br\/site\/produto\/suporte-dolly-universal\/","title":{"rendered":"Suporte Dolly Universal"},"content":{"rendered":"<p>Com rodas para trip\u00e9s, servindo para todos os modelos, ideal para fotos, filmagens, bin\u00f3culos, entre outros. Permite a portabilidade de um trip\u00e9 convencional devido ao sistema de fixa\u00e7\u00e3o das pernas do trip\u00e9 sobre as rodas unidas por uma estrutura met\u00e1lica de 3 hastes e travas. A dist\u00e2ncia dos fixadores para os p\u00e9s do trip\u00e9 podem ser ajustados para acomodar qualquer tipo de trip\u00e9, modelos com sapata em geral precisam ser removidas para melhor ajuste.<\/p>\n","protected":false},"excerpt":{"rendered":"<p>Com rodas para trip\u00e9s, servindo para todos os modelos, ideal para fotos, filmagens, bin\u00f3culos, entre outros. Permite a portabilidade de um trip\u00e9 convencional devido ao sistema de fixa\u00e7\u00e3o das pernas do trip\u00e9 sobre as rodas unidas por uma estrutura met\u00e1lica de 3 hastes e travas. A dist\u00e2ncia dos fixadores para os p\u00e9s do trip\u00e9 podem [&hellip;]<\/p>\n","protected":false},"featured_media":322,"template":"","meta":[],"yoast_head":"<!-- This site is optimized with the Yoast SEO plugin v15.8 - https:\/\/yoast.com\/wordpress\/plugins\/seo\/ -->\n<meta name=\"robots\" content=\"index, follow, max-snippet:-1, max-image-preview:large, max-video-preview:-1\" \/>\n<link rel=\"canonical\" href=\"https:\/\/livetvbrasil.com.br\/site\/produto\/suporte-dolly-universal\/\" \/>\n<meta property=\"og:locale\" content=\"pt_BR\" \/>\n<meta property=\"og:type\" content=\"article\" \/>\n<meta property=\"og:title\" content=\"Suporte Dolly Universal - LivetvBrasil Streaming Prossional e Produtora\" \/>\n<meta property=\"og:description\" content=\"Com rodas para trip\u00e9s, servindo para todos os modelos, ideal para fotos, filmagens, bin\u00f3culos, entre outros. Permite a portabilidade de um trip\u00e9 convencional devido ao sistema de fixa\u00e7\u00e3o das pernas do trip\u00e9 sobre as rodas unidas por uma estrutura met\u00e1lica de 3 hastes e travas. A dist\u00e2ncia dos fixadores para os p\u00e9s do trip\u00e9 podem [&hellip;]\" \/>\n<meta property=\"og:url\" content=\"https:\/\/livetvbrasil.com.br\/site\/produto\/suporte-dolly-universal\/\" \/>\n<meta property=\"og:site_name\" content=\"LivetvBrasil Streaming Prossional e Produtora\" \/>\n<meta property=\"article:modified_time\" content=\"2020-10-31T22:45:35+00:00\" \/>\n<meta property=\"og:image\" content=\"https:\/\/livetvbrasil.com.br\/site\/wp-content\/uploads\/2020\/10\/dollyyyy.png\" \/>\n\t<meta property=\"og:image:width\" content=\"280\" \/>\n\t<meta property=\"og:image:height\" content=\"180\" \/>\n<meta name=\"twitter:card\" content=\"summary_large_image\" \/>\n<script type=\"application\/ld+json\" class=\"yoast-schema-graph\">{\"@context\":\"https:\/\/schema.org\",\"@graph\":[{\"@type\":\"WebSite\",\"@id\":\"https:\/\/livetvbrasil.com.br\/site\/#website\",\"url\":\"https:\/\/livetvbrasil.com.br\/site\/\",\"name\":\"LivetvBrasil Streaming Prossional e Produtora\",\"description\":\"Live Tv Brasil \\u00e9 especializada em streaming para eventos, shows, desfiles, jogos, treinamentos, cultos, feiras, entre outros.\",\"potentialAction\":[{\"@type\":\"SearchAction\",\"target\":\"https:\/\/livetvbrasil.com.br\/site\/?s={search_term_string}\",\"query-input\":\"required name=search_term_string\"}],\"inLanguage\":\"pt-BR\"},{\"@type\":\"ImageObject\",\"@id\":\"https:\/\/livetvbrasil.com.br\/site\/produto\/suporte-dolly-universal\/#primaryimage\",\"inLanguage\":\"pt-BR\",\"url\":\"https:\/\/livetvbrasil.com.br\/site\/wp-content\/uploads\/2020\/10\/dollyyyy.png\",\"width\":280,\"height\":180},{\"@type\":\"WebPage\",\"@id\":\"https:\/\/livetvbrasil.com.br\/site\/produto\/suporte-dolly-universal\/#webpage\",\"url\":\"https:\/\/livetvbrasil.com.br\/site\/produto\/suporte-dolly-universal\/\",\"name\":\"Suporte Dolly Universal - LivetvBrasil Streaming Prossional e Produtora\",\"isPartOf\":{\"@id\":\"https:\/\/livetvbrasil.com.br\/site\/#website\"},\"primaryImageOfPage\":{\"@id\":\"https:\/\/livetvbrasil.com.br\/site\/produto\/suporte-dolly-universal\/#primaryimage\"},\"datePublished\":\"2020-10-31T22:45:04+00:00\",\"dateModified\":\"2020-10-31T22:45:35+00:00\",\"breadcrumb\":{\"@id\":\"https:\/\/livetvbrasil.com.br\/site\/produto\/suporte-dolly-universal\/#breadcrumb\"},\"inLanguage\":\"pt-BR\",\"potentialAction\":[{\"@type\":\"ReadAction\",\"target\":[\"https:\/\/livetvbrasil.com.br\/site\/produto\/suporte-dolly-universal\/\"]}]},{\"@type\":\"BreadcrumbList\",\"@id\":\"https:\/\/livetvbrasil.com.br\/site\/produto\/suporte-dolly-universal\/#breadcrumb\",\"itemListElement\":[{\"@type\":\"ListItem\",\"position\":1,\"item\":{\"@type\":\"WebPage\",\"@id\":\"https:\/\/livetvbrasil.com.br\/site\/\",\"url\":\"https:\/\/livetvbrasil.com.br\/site\/\",\"name\":\"In\\u00edcio\"}},{\"@type\":\"ListItem\",\"position\":2,\"item\":{\"@type\":\"WebPage\",\"@id\":\"https:\/\/livetvbrasil.com.br\/site\/aluguel\/\",\"url\":\"https:\/\/livetvbrasil.com.br\/site\/aluguel\/\",\"name\":\"aluguel\"}},{\"@type\":\"ListItem\",\"position\":3,\"item\":{\"@type\":\"WebPage\",\"@id\":\"https:\/\/livetvbrasil.com.br\/site\/produto\/suporte-dolly-universal\/\",\"url\":\"https:\/\/livetvbrasil.com.br\/site\/produto\/suporte-dolly-universal\/\",\"name\":\"Suporte Dolly Universal\"}}]}]}<\/script>\n<!-- \/ Yoast SEO plugin. -->","_links":{"self":[{"href":"https:\/\/livetvbrasil.com.br\/site\/wp-json\/wp\/v2\/product\/321"}],"collection":[{"href":"https:\/\/livetvbrasil.com.br\/site\/wp-json\/wp\/v2\/product"}],"about":[{"href":"https:\/\/livetvbrasil.com.br\/site\/wp-json\/wp\/v2\/types\/product"}],"wp:featuredmedia":[{"embeddable":true,"href":"https:\/\/livetvbrasil.com.br\/site\/wp-json\/wp\/v2\/media\/322"}],"wp:attachment":[{"href":"https:\/\/livetvbrasil.com.br\/site\/wp-json\/wp\/v2\/media?parent=321"}],"curies":[{"name":"wp","href":"https:\/\/api.w.org\/{rel}","templated":true}]}}