{"id":334,"date":"2020-10-31T23:21:41","date_gmt":"2020-10-31T23:21:41","guid":{"rendered":"https:\/\/livetvbrasil.com.br\/site\/?post_type=product&#038;p=334"},"modified":"2020-11-01T09:56:28","modified_gmt":"2020-11-01T09:56:28","slug":"avell-a62-liv","status":"publish","type":"product","link":"https:\/\/livetvbrasil.com.br\/site\/produto\/avell-a62-liv\/","title":{"rendered":"AVELL A62 LIV"},"content":{"rendered":"<p>PLACA DE V\u00cdDEO:<br \/>\nNVIDIA\u00ae GEFORCE\u00ae GTX 1650 GPU (4GB GDDR6)<br \/>\nPROCESSADOR:<br \/>\nINTEL\u00ae CORET I7-10750H COMET LAKE, 12MB CACHE &#8211; 10\u00aa GERA\u00c7\u00c3O (2.6 GHZ AT\u00c9 5.0 GHZ COM INTEL\u00ae TURBO MAX)<br \/>\nMEM\u00d3RIA:<br \/>\n32GB [2X 16GB &#8211; DUAL CHANNEL] MEM\u00d3RIA DDR4 (2666 MHZ)<br \/>\nARMAZENAMENTO &#8211; [ SLOT I ]: SSD M.2 NVME 1TB &#8211; [ 2.000 MB\/S ]<br \/>\nARMAZENAMENTO &#8211; [ SLOT III]: SSD M.2 NVME 500GB &#8211; [ 2.000 MB\/S ]<br \/>\nTELA (LCD): 15.6&#8243; FULLHD (1920 X 1080P) 16:9 \/ 60HZ \/ WVA \/ MATTE \/ SRGB: 94% \/ CONTRASTE: 800:1 \/ BRILHO 300 CD\/M\u00b2<br \/>\nWIRELESS: INTEL\u00ae DUAL BAND WIRELESS-AX201 + BLUETOOTH 5.0<br \/>\nTECLADO: TECLADO MEMBRANA RETROILUMINADO RGB &#8211; PADR\u00c3O ABNT2<br \/>\nCORES: PRETO5SISTEMA OPERACIONAL: ORIGINAL WINDOWS 10 PRO<\/p>\n","protected":false},"excerpt":{"rendered":"<p>PLACA DE V\u00cdDEO: NVIDIA\u00ae GEFORCE\u00ae GTX 1650 GPU (4GB GDDR6) PROCESSADOR: INTEL\u00ae CORET I7-10750H COMET LAKE, 12MB CACHE &#8211; 10\u00aa GERA\u00c7\u00c3O (2.6 GHZ AT\u00c9 5.0 GHZ COM INTEL\u00ae TURBO MAX) MEM\u00d3RIA: 32GB [2X 16GB &#8211; DUAL CHANNEL] MEM\u00d3RIA DDR4 (2666 MHZ) ARMAZENAMENTO &#8211; [ SLOT I ]: SSD M.2 NVME 1TB &#8211; [ 2.000 MB\/S [&hellip;]<\/p>\n","protected":false},"featured_media":335,"template":"","meta":[],"yoast_head":"<!-- This site is optimized with the Yoast SEO plugin v15.8 - https:\/\/yoast.com\/wordpress\/plugins\/seo\/ -->\n<meta name=\"robots\" content=\"index, follow, max-snippet:-1, max-image-preview:large, max-video-preview:-1\" \/>\n<link rel=\"canonical\" href=\"https:\/\/livetvbrasil.com.br\/site\/produto\/avell-a62-liv\/\" \/>\n<meta property=\"og:locale\" content=\"pt_BR\" \/>\n<meta property=\"og:type\" content=\"article\" \/>\n<meta property=\"og:title\" content=\"AVELL A62 LIV - LivetvBrasil Streaming Prossional e Produtora\" \/>\n<meta property=\"og:description\" content=\"PLACA DE V\u00cdDEO: NVIDIA\u00ae GEFORCE\u00ae GTX 1650 GPU (4GB GDDR6) PROCESSADOR: INTEL\u00ae CORET I7-10750H COMET LAKE, 12MB CACHE &#8211; 10\u00aa GERA\u00c7\u00c3O (2.6 GHZ AT\u00c9 5.0 GHZ COM INTEL\u00ae TURBO MAX) MEM\u00d3RIA: 32GB [2X 16GB &#8211; DUAL CHANNEL] MEM\u00d3RIA DDR4 (2666 MHZ) ARMAZENAMENTO &#8211; [ SLOT I ]: SSD M.2 NVME 1TB &#8211; [ 2.000 MB\/S [&hellip;]\" \/>\n<meta property=\"og:url\" content=\"https:\/\/livetvbrasil.com.br\/site\/produto\/avell-a62-liv\/\" \/>\n<meta property=\"og:site_name\" content=\"LivetvBrasil Streaming Prossional e Produtora\" \/>\n<meta property=\"article:modified_time\" content=\"2020-11-01T09:56:28+00:00\" \/>\n<meta property=\"og:image\" content=\"https:\/\/livetvbrasil.com.br\/site\/wp-content\/uploads\/2020\/10\/avell.png\" \/>\n\t<meta property=\"og:image:width\" content=\"280\" \/>\n\t<meta property=\"og:image:height\" content=\"180\" \/>\n<meta name=\"twitter:card\" content=\"summary_large_image\" \/>\n<script type=\"application\/ld+json\" class=\"yoast-schema-graph\">{\"@context\":\"https:\/\/schema.org\",\"@graph\":[{\"@type\":\"WebSite\",\"@id\":\"https:\/\/livetvbrasil.com.br\/site\/#website\",\"url\":\"https:\/\/livetvbrasil.com.br\/site\/\",\"name\":\"LivetvBrasil Streaming Prossional e Produtora\",\"description\":\"Live Tv Brasil \\u00e9 especializada em streaming para eventos, shows, desfiles, jogos, treinamentos, cultos, feiras, entre outros.\",\"potentialAction\":[{\"@type\":\"SearchAction\",\"target\":\"https:\/\/livetvbrasil.com.br\/site\/?s={search_term_string}\",\"query-input\":\"required name=search_term_string\"}],\"inLanguage\":\"pt-BR\"},{\"@type\":\"ImageObject\",\"@id\":\"https:\/\/livetvbrasil.com.br\/site\/produto\/avell-a62-liv\/#primaryimage\",\"inLanguage\":\"pt-BR\",\"url\":\"https:\/\/livetvbrasil.com.br\/site\/wp-content\/uploads\/2020\/10\/avell.png\",\"width\":280,\"height\":180},{\"@type\":\"WebPage\",\"@id\":\"https:\/\/livetvbrasil.com.br\/site\/produto\/avell-a62-liv\/#webpage\",\"url\":\"https:\/\/livetvbrasil.com.br\/site\/produto\/avell-a62-liv\/\",\"name\":\"AVELL A62 LIV - LivetvBrasil Streaming Prossional e Produtora\",\"isPartOf\":{\"@id\":\"https:\/\/livetvbrasil.com.br\/site\/#website\"},\"primaryImageOfPage\":{\"@id\":\"https:\/\/livetvbrasil.com.br\/site\/produto\/avell-a62-liv\/#primaryimage\"},\"datePublished\":\"2020-10-31T23:21:41+00:00\",\"dateModified\":\"2020-11-01T09:56:28+00:00\",\"breadcrumb\":{\"@id\":\"https:\/\/livetvbrasil.com.br\/site\/produto\/avell-a62-liv\/#breadcrumb\"},\"inLanguage\":\"pt-BR\",\"potentialAction\":[{\"@type\":\"ReadAction\",\"target\":[\"https:\/\/livetvbrasil.com.br\/site\/produto\/avell-a62-liv\/\"]}]},{\"@type\":\"BreadcrumbList\",\"@id\":\"https:\/\/livetvbrasil.com.br\/site\/produto\/avell-a62-liv\/#breadcrumb\",\"itemListElement\":[{\"@type\":\"ListItem\",\"position\":1,\"item\":{\"@type\":\"WebPage\",\"@id\":\"https:\/\/livetvbrasil.com.br\/site\/\",\"url\":\"https:\/\/livetvbrasil.com.br\/site\/\",\"name\":\"In\\u00edcio\"}},{\"@type\":\"ListItem\",\"position\":2,\"item\":{\"@type\":\"WebPage\",\"@id\":\"https:\/\/livetvbrasil.com.br\/site\/aluguel\/\",\"url\":\"https:\/\/livetvbrasil.com.br\/site\/aluguel\/\",\"name\":\"aluguel\"}},{\"@type\":\"ListItem\",\"position\":3,\"item\":{\"@type\":\"WebPage\",\"@id\":\"https:\/\/livetvbrasil.com.br\/site\/produto\/avell-a62-liv\/\",\"url\":\"https:\/\/livetvbrasil.com.br\/site\/produto\/avell-a62-liv\/\",\"name\":\"AVELL A62 LIV\"}}]}]}<\/script>\n<!-- \/ Yoast SEO plugin. -->","_links":{"self":[{"href":"https:\/\/livetvbrasil.com.br\/site\/wp-json\/wp\/v2\/product\/334"}],"collection":[{"href":"https:\/\/livetvbrasil.com.br\/site\/wp-json\/wp\/v2\/product"}],"about":[{"href":"https:\/\/livetvbrasil.com.br\/site\/wp-json\/wp\/v2\/types\/product"}],"wp:featuredmedia":[{"embeddable":true,"href":"https:\/\/livetvbrasil.com.br\/site\/wp-json\/wp\/v2\/media\/335"}],"wp:attachment":[{"href":"https:\/\/livetvbrasil.com.br\/site\/wp-json\/wp\/v2\/media?parent=334"}],"curies":[{"name":"wp","href":"https:\/\/api.w.org\/{rel}","templated":true}]}}