{"id":351,"date":"2020-11-01T10:00:10","date_gmt":"2020-11-01T10:00:10","guid":{"rendered":"https:\/\/livetvbrasil.com.br\/site\/?post_type=product&#038;p=351"},"modified":"2020-11-01T10:00:10","modified_gmt":"2020-11-01T10:00:10","slug":"refletor-rebatedor-barndoor-gelatina-4-cores-flashes-estudio","status":"publish","type":"product","link":"https:\/\/livetvbrasil.com.br\/site\/produto\/refletor-rebatedor-barndoor-gelatina-4-cores-flashes-estudio\/","title":{"rendered":"Refletor Rebatedor Barndoor Gelatina 4 Cores Flashes Est\u00fadio"},"content":{"rendered":"<p>Rebatedores refletor uso m\u00faltiplo para serem usado como acess\u00f3rios. Ampliam a gama de efeitos produzidos em fotos tiradas com flash.<\/p>\n","protected":false},"excerpt":{"rendered":"<p>Rebatedores refletor uso m\u00faltiplo para serem usado como acess\u00f3rios. Ampliam a gama de efeitos produzidos em fotos tiradas com flash.<\/p>\n","protected":false},"featured_media":352,"template":"","meta":[],"yoast_head":"<!-- This site is optimized with the Yoast SEO plugin v15.8 - https:\/\/yoast.com\/wordpress\/plugins\/seo\/ -->\n<meta name=\"robots\" content=\"index, follow, max-snippet:-1, max-image-preview:large, max-video-preview:-1\" \/>\n<link rel=\"canonical\" href=\"https:\/\/livetvbrasil.com.br\/site\/produto\/refletor-rebatedor-barndoor-gelatina-4-cores-flashes-estudio\/\" \/>\n<meta property=\"og:locale\" content=\"pt_BR\" \/>\n<meta property=\"og:type\" content=\"article\" \/>\n<meta property=\"og:title\" content=\"Refletor Rebatedor Barndoor Gelatina 4 Cores Flashes Est\u00fadio - LivetvBrasil Streaming Prossional e Produtora\" \/>\n<meta property=\"og:description\" content=\"Rebatedores refletor uso m\u00faltiplo para serem usado como acess\u00f3rios. Ampliam a gama de efeitos produzidos em fotos tiradas com flash.\" \/>\n<meta property=\"og:url\" content=\"https:\/\/livetvbrasil.com.br\/site\/produto\/refletor-rebatedor-barndoor-gelatina-4-cores-flashes-estudio\/\" \/>\n<meta property=\"og:site_name\" content=\"LivetvBrasil Streaming Prossional e Produtora\" \/>\n<meta property=\"og:image\" content=\"https:\/\/livetvbrasil.com.br\/site\/wp-content\/uploads\/2020\/11\/barnsdoors.png\" \/>\n\t<meta property=\"og:image:width\" content=\"280\" \/>\n\t<meta property=\"og:image:height\" content=\"180\" \/>\n<meta name=\"twitter:card\" content=\"summary_large_image\" \/>\n<script type=\"application\/ld+json\" class=\"yoast-schema-graph\">{\"@context\":\"https:\/\/schema.org\",\"@graph\":[{\"@type\":\"WebSite\",\"@id\":\"https:\/\/livetvbrasil.com.br\/site\/#website\",\"url\":\"https:\/\/livetvbrasil.com.br\/site\/\",\"name\":\"LivetvBrasil Streaming Prossional e Produtora\",\"description\":\"Live Tv Brasil \\u00e9 especializada em streaming para eventos, shows, desfiles, jogos, treinamentos, cultos, feiras, entre outros.\",\"potentialAction\":[{\"@type\":\"SearchAction\",\"target\":\"https:\/\/livetvbrasil.com.br\/site\/?s={search_term_string}\",\"query-input\":\"required name=search_term_string\"}],\"inLanguage\":\"pt-BR\"},{\"@type\":\"ImageObject\",\"@id\":\"https:\/\/livetvbrasil.com.br\/site\/produto\/refletor-rebatedor-barndoor-gelatina-4-cores-flashes-estudio\/#primaryimage\",\"inLanguage\":\"pt-BR\",\"url\":\"https:\/\/livetvbrasil.com.br\/site\/wp-content\/uploads\/2020\/11\/barnsdoors.png\",\"width\":280,\"height\":180},{\"@type\":\"WebPage\",\"@id\":\"https:\/\/livetvbrasil.com.br\/site\/produto\/refletor-rebatedor-barndoor-gelatina-4-cores-flashes-estudio\/#webpage\",\"url\":\"https:\/\/livetvbrasil.com.br\/site\/produto\/refletor-rebatedor-barndoor-gelatina-4-cores-flashes-estudio\/\",\"name\":\"Refletor Rebatedor Barndoor Gelatina 4 Cores Flashes Est\\u00fadio - LivetvBrasil Streaming Prossional e Produtora\",\"isPartOf\":{\"@id\":\"https:\/\/livetvbrasil.com.br\/site\/#website\"},\"primaryImageOfPage\":{\"@id\":\"https:\/\/livetvbrasil.com.br\/site\/produto\/refletor-rebatedor-barndoor-gelatina-4-cores-flashes-estudio\/#primaryimage\"},\"datePublished\":\"2020-11-01T10:00:10+00:00\",\"dateModified\":\"2020-11-01T10:00:10+00:00\",\"breadcrumb\":{\"@id\":\"https:\/\/livetvbrasil.com.br\/site\/produto\/refletor-rebatedor-barndoor-gelatina-4-cores-flashes-estudio\/#breadcrumb\"},\"inLanguage\":\"pt-BR\",\"potentialAction\":[{\"@type\":\"ReadAction\",\"target\":[\"https:\/\/livetvbrasil.com.br\/site\/produto\/refletor-rebatedor-barndoor-gelatina-4-cores-flashes-estudio\/\"]}]},{\"@type\":\"BreadcrumbList\",\"@id\":\"https:\/\/livetvbrasil.com.br\/site\/produto\/refletor-rebatedor-barndoor-gelatina-4-cores-flashes-estudio\/#breadcrumb\",\"itemListElement\":[{\"@type\":\"ListItem\",\"position\":1,\"item\":{\"@type\":\"WebPage\",\"@id\":\"https:\/\/livetvbrasil.com.br\/site\/\",\"url\":\"https:\/\/livetvbrasil.com.br\/site\/\",\"name\":\"In\\u00edcio\"}},{\"@type\":\"ListItem\",\"position\":2,\"item\":{\"@type\":\"WebPage\",\"@id\":\"https:\/\/livetvbrasil.com.br\/site\/aluguel\/\",\"url\":\"https:\/\/livetvbrasil.com.br\/site\/aluguel\/\",\"name\":\"aluguel\"}},{\"@type\":\"ListItem\",\"position\":3,\"item\":{\"@type\":\"WebPage\",\"@id\":\"https:\/\/livetvbrasil.com.br\/site\/produto\/refletor-rebatedor-barndoor-gelatina-4-cores-flashes-estudio\/\",\"url\":\"https:\/\/livetvbrasil.com.br\/site\/produto\/refletor-rebatedor-barndoor-gelatina-4-cores-flashes-estudio\/\",\"name\":\"Refletor Rebatedor Barndoor Gelatina 4 Cores Flashes Est\\u00fadio\"}}]}]}<\/script>\n<!-- \/ Yoast SEO plugin. -->","_links":{"self":[{"href":"https:\/\/livetvbrasil.com.br\/site\/wp-json\/wp\/v2\/product\/351"}],"collection":[{"href":"https:\/\/livetvbrasil.com.br\/site\/wp-json\/wp\/v2\/product"}],"about":[{"href":"https:\/\/livetvbrasil.com.br\/site\/wp-json\/wp\/v2\/types\/product"}],"wp:featuredmedia":[{"embeddable":true,"href":"https:\/\/livetvbrasil.com.br\/site\/wp-json\/wp\/v2\/media\/352"}],"wp:attachment":[{"href":"https:\/\/livetvbrasil.com.br\/site\/wp-json\/wp\/v2\/media?parent=351"}],"curies":[{"name":"wp","href":"https:\/\/api.w.org\/{rel}","templated":true}]}}