{"id":356,"date":"2020-11-01T10:10:12","date_gmt":"2020-11-01T10:10:12","guid":{"rendered":"https:\/\/livetvbrasil.com.br\/site\/?post_type=product&#038;p=356"},"modified":"2020-11-01T10:11:29","modified_gmt":"2020-11-01T10:11:29","slug":"lente-sony-e-55-210mm-f-4-5-6-3-oss","status":"publish","type":"product","link":"https:\/\/livetvbrasil.com.br\/site\/produto\/lente-sony-e-55-210mm-f-4-5-6-3-oss\/","title":{"rendered":"Lente Sony E 55-210mm F\/4.5-6.3 Oss"},"content":{"rendered":"<p>A Lente Sony E 55-210mm f\/4.5-6.3 OSS E-Mount (SEL55210) apresenta extra baixa dispers\u00e3o de vidro, uma faixa de zoom e liga de alum\u00ednio ampla constru\u00e7\u00e3o ideal para C\u00e2meras Sony. Em uma c\u00e2mera APS-C, essa lente zoom tem uma faixa de dist\u00e2ncia focal 82.5-315mm, adequado para fotografia de eventos e retratos iguais. Focaliza\u00e7\u00e3o interna e ajuda do sistema AF com motor linear criar foco, mas tranquila \u00e1gil, minimizando o ru\u00eddo mec\u00e2nico. Al\u00e9m disso, um foco manual anel separado capaz de Foco Manual Direto permite transi\u00e7\u00f5es suaves de AF para foco manual.<\/p>\n","protected":false},"excerpt":{"rendered":"<p>A Lente Sony E 55-210mm f\/4.5-6.3 OSS E-Mount (SEL55210) apresenta extra baixa dispers\u00e3o de vidro, uma faixa de zoom e liga de alum\u00ednio ampla constru\u00e7\u00e3o ideal para C\u00e2meras Sony. Em uma c\u00e2mera APS-C, essa lente zoom tem uma faixa de dist\u00e2ncia focal 82.5-315mm, adequado para fotografia de eventos e retratos iguais. Focaliza\u00e7\u00e3o interna e ajuda [&hellip;]<\/p>\n","protected":false},"featured_media":358,"template":"","meta":[],"yoast_head":"<!-- This site is optimized with the Yoast SEO plugin v15.8 - https:\/\/yoast.com\/wordpress\/plugins\/seo\/ -->\n<meta name=\"robots\" content=\"index, follow, max-snippet:-1, max-image-preview:large, max-video-preview:-1\" \/>\n<link rel=\"canonical\" href=\"https:\/\/livetvbrasil.com.br\/site\/produto\/lente-sony-e-55-210mm-f-4-5-6-3-oss\/\" \/>\n<meta property=\"og:locale\" content=\"pt_BR\" \/>\n<meta property=\"og:type\" content=\"article\" \/>\n<meta property=\"og:title\" content=\"Lente Sony E 55-210mm F\/4.5-6.3 Oss - LivetvBrasil Streaming Prossional e Produtora\" \/>\n<meta property=\"og:description\" content=\"A Lente Sony E 55-210mm f\/4.5-6.3 OSS E-Mount (SEL55210) apresenta extra baixa dispers\u00e3o de vidro, uma faixa de zoom e liga de alum\u00ednio ampla constru\u00e7\u00e3o ideal para C\u00e2meras Sony. Em uma c\u00e2mera APS-C, essa lente zoom tem uma faixa de dist\u00e2ncia focal 82.5-315mm, adequado para fotografia de eventos e retratos iguais. Focaliza\u00e7\u00e3o interna e ajuda [&hellip;]\" \/>\n<meta property=\"og:url\" content=\"https:\/\/livetvbrasil.com.br\/site\/produto\/lente-sony-e-55-210mm-f-4-5-6-3-oss\/\" \/>\n<meta property=\"og:site_name\" content=\"LivetvBrasil Streaming Prossional e Produtora\" \/>\n<meta property=\"article:modified_time\" content=\"2020-11-01T10:11:29+00:00\" \/>\n<meta property=\"og:image\" content=\"https:\/\/livetvbrasil.com.br\/site\/wp-content\/uploads\/2020\/11\/lente.png\" \/>\n\t<meta property=\"og:image:width\" content=\"280\" \/>\n\t<meta property=\"og:image:height\" content=\"180\" \/>\n<meta name=\"twitter:card\" content=\"summary_large_image\" \/>\n<meta name=\"twitter:label1\" content=\"Est. reading time\">\n\t<meta name=\"twitter:data1\" content=\"1 minuto\">\n<script type=\"application\/ld+json\" class=\"yoast-schema-graph\">{\"@context\":\"https:\/\/schema.org\",\"@graph\":[{\"@type\":\"WebSite\",\"@id\":\"https:\/\/livetvbrasil.com.br\/site\/#website\",\"url\":\"https:\/\/livetvbrasil.com.br\/site\/\",\"name\":\"LivetvBrasil Streaming Prossional e Produtora\",\"description\":\"Live Tv Brasil \\u00e9 especializada em streaming para eventos, shows, desfiles, jogos, treinamentos, cultos, feiras, entre outros.\",\"potentialAction\":[{\"@type\":\"SearchAction\",\"target\":\"https:\/\/livetvbrasil.com.br\/site\/?s={search_term_string}\",\"query-input\":\"required name=search_term_string\"}],\"inLanguage\":\"pt-BR\"},{\"@type\":\"ImageObject\",\"@id\":\"https:\/\/livetvbrasil.com.br\/site\/produto\/lente-sony-e-55-210mm-f-4-5-6-3-oss\/#primaryimage\",\"inLanguage\":\"pt-BR\",\"url\":\"https:\/\/livetvbrasil.com.br\/site\/wp-content\/uploads\/2020\/11\/lente.png\",\"width\":280,\"height\":180},{\"@type\":\"WebPage\",\"@id\":\"https:\/\/livetvbrasil.com.br\/site\/produto\/lente-sony-e-55-210mm-f-4-5-6-3-oss\/#webpage\",\"url\":\"https:\/\/livetvbrasil.com.br\/site\/produto\/lente-sony-e-55-210mm-f-4-5-6-3-oss\/\",\"name\":\"Lente Sony E 55-210mm F\/4.5-6.3 Oss - LivetvBrasil Streaming Prossional e Produtora\",\"isPartOf\":{\"@id\":\"https:\/\/livetvbrasil.com.br\/site\/#website\"},\"primaryImageOfPage\":{\"@id\":\"https:\/\/livetvbrasil.com.br\/site\/produto\/lente-sony-e-55-210mm-f-4-5-6-3-oss\/#primaryimage\"},\"datePublished\":\"2020-11-01T10:10:12+00:00\",\"dateModified\":\"2020-11-01T10:11:29+00:00\",\"breadcrumb\":{\"@id\":\"https:\/\/livetvbrasil.com.br\/site\/produto\/lente-sony-e-55-210mm-f-4-5-6-3-oss\/#breadcrumb\"},\"inLanguage\":\"pt-BR\",\"potentialAction\":[{\"@type\":\"ReadAction\",\"target\":[\"https:\/\/livetvbrasil.com.br\/site\/produto\/lente-sony-e-55-210mm-f-4-5-6-3-oss\/\"]}]},{\"@type\":\"BreadcrumbList\",\"@id\":\"https:\/\/livetvbrasil.com.br\/site\/produto\/lente-sony-e-55-210mm-f-4-5-6-3-oss\/#breadcrumb\",\"itemListElement\":[{\"@type\":\"ListItem\",\"position\":1,\"item\":{\"@type\":\"WebPage\",\"@id\":\"https:\/\/livetvbrasil.com.br\/site\/\",\"url\":\"https:\/\/livetvbrasil.com.br\/site\/\",\"name\":\"In\\u00edcio\"}},{\"@type\":\"ListItem\",\"position\":2,\"item\":{\"@type\":\"WebPage\",\"@id\":\"https:\/\/livetvbrasil.com.br\/site\/aluguel\/\",\"url\":\"https:\/\/livetvbrasil.com.br\/site\/aluguel\/\",\"name\":\"aluguel\"}},{\"@type\":\"ListItem\",\"position\":3,\"item\":{\"@type\":\"WebPage\",\"@id\":\"https:\/\/livetvbrasil.com.br\/site\/produto\/lente-sony-e-55-210mm-f-4-5-6-3-oss\/\",\"url\":\"https:\/\/livetvbrasil.com.br\/site\/produto\/lente-sony-e-55-210mm-f-4-5-6-3-oss\/\",\"name\":\"Lente Sony E 55-210mm F\/4.5-6.3 Oss\"}}]}]}<\/script>\n<!-- \/ Yoast SEO plugin. -->","_links":{"self":[{"href":"https:\/\/livetvbrasil.com.br\/site\/wp-json\/wp\/v2\/product\/356"}],"collection":[{"href":"https:\/\/livetvbrasil.com.br\/site\/wp-json\/wp\/v2\/product"}],"about":[{"href":"https:\/\/livetvbrasil.com.br\/site\/wp-json\/wp\/v2\/types\/product"}],"wp:featuredmedia":[{"embeddable":true,"href":"https:\/\/livetvbrasil.com.br\/site\/wp-json\/wp\/v2\/media\/358"}],"wp:attachment":[{"href":"https:\/\/livetvbrasil.com.br\/site\/wp-json\/wp\/v2\/media?parent=356"}],"curies":[{"name":"wp","href":"https:\/\/api.w.org\/{rel}","templated":true}]}}