{"id":359,"date":"2020-11-01T10:15:54","date_gmt":"2020-11-01T10:15:54","guid":{"rendered":"https:\/\/livetvbrasil.com.br\/site\/?post_type=product&#038;p=359"},"modified":"2020-11-01T10:15:54","modified_gmt":"2020-11-01T10:15:54","slug":"lente-sony-e-pz-16-50mm-f-3-5-5-6-oss","status":"publish","type":"product","link":"https:\/\/livetvbrasil.com.br\/site\/produto\/lente-sony-e-pz-16-50mm-f-3-5-5-6-oss\/","title":{"rendered":"Lente Sony E Pz 16-50mm F\/3.5-5.6 Oss"},"content":{"rendered":"<p>Alente Sony E PZ 16-50mm f\/3.5-5.6 OSS\u00a0\u00e9 uma lente compacta ideal para sua c\u00e2mera APS-C mirrorless e oferece uma gama de zoom equivalente vers\u00e1til de 24-75mm, bem como um design retr\u00e1til que torna o seu sistema muito mais gerenci\u00e1vel quando n\u00e3o est\u00e1 em uso.<\/p>\n","protected":false},"excerpt":{"rendered":"<p>Alente Sony E PZ 16-50mm f\/3.5-5.6 OSS\u00a0\u00e9 uma lente compacta ideal para sua c\u00e2mera APS-C mirrorless e oferece uma gama de zoom equivalente vers\u00e1til de 24-75mm, bem como um design retr\u00e1til que torna o seu sistema muito mais gerenci\u00e1vel quando n\u00e3o est\u00e1 em uso.<\/p>\n","protected":false},"featured_media":360,"template":"","meta":[],"yoast_head":"<!-- This site is optimized with the Yoast SEO plugin v15.8 - https:\/\/yoast.com\/wordpress\/plugins\/seo\/ -->\n<meta name=\"robots\" content=\"index, follow, max-snippet:-1, max-image-preview:large, max-video-preview:-1\" \/>\n<link rel=\"canonical\" href=\"https:\/\/livetvbrasil.com.br\/site\/produto\/lente-sony-e-pz-16-50mm-f-3-5-5-6-oss\/\" \/>\n<meta property=\"og:locale\" content=\"pt_BR\" \/>\n<meta property=\"og:type\" content=\"article\" \/>\n<meta property=\"og:title\" content=\"Lente Sony E Pz 16-50mm F\/3.5-5.6 Oss - LivetvBrasil Streaming Prossional e Produtora\" \/>\n<meta property=\"og:description\" content=\"Alente Sony E PZ 16-50mm f\/3.5-5.6 OSS\u00a0\u00e9 uma lente compacta ideal para sua c\u00e2mera APS-C mirrorless e oferece uma gama de zoom equivalente vers\u00e1til de 24-75mm, bem como um design retr\u00e1til que torna o seu sistema muito mais gerenci\u00e1vel quando n\u00e3o est\u00e1 em uso.\" \/>\n<meta property=\"og:url\" content=\"https:\/\/livetvbrasil.com.br\/site\/produto\/lente-sony-e-pz-16-50mm-f-3-5-5-6-oss\/\" \/>\n<meta property=\"og:site_name\" content=\"LivetvBrasil Streaming Prossional e Produtora\" \/>\n<meta property=\"og:image\" content=\"https:\/\/livetvbrasil.com.br\/site\/wp-content\/uploads\/2020\/11\/lenteee.png\" \/>\n\t<meta property=\"og:image:width\" content=\"280\" \/>\n\t<meta property=\"og:image:height\" content=\"180\" \/>\n<meta name=\"twitter:card\" content=\"summary_large_image\" \/>\n<script type=\"application\/ld+json\" class=\"yoast-schema-graph\">{\"@context\":\"https:\/\/schema.org\",\"@graph\":[{\"@type\":\"WebSite\",\"@id\":\"https:\/\/livetvbrasil.com.br\/site\/#website\",\"url\":\"https:\/\/livetvbrasil.com.br\/site\/\",\"name\":\"LivetvBrasil Streaming Prossional e Produtora\",\"description\":\"Live Tv Brasil \\u00e9 especializada em streaming para eventos, shows, desfiles, jogos, treinamentos, cultos, feiras, entre outros.\",\"potentialAction\":[{\"@type\":\"SearchAction\",\"target\":\"https:\/\/livetvbrasil.com.br\/site\/?s={search_term_string}\",\"query-input\":\"required name=search_term_string\"}],\"inLanguage\":\"pt-BR\"},{\"@type\":\"ImageObject\",\"@id\":\"https:\/\/livetvbrasil.com.br\/site\/produto\/lente-sony-e-pz-16-50mm-f-3-5-5-6-oss\/#primaryimage\",\"inLanguage\":\"pt-BR\",\"url\":\"https:\/\/livetvbrasil.com.br\/site\/wp-content\/uploads\/2020\/11\/lenteee.png\",\"width\":280,\"height\":180},{\"@type\":\"WebPage\",\"@id\":\"https:\/\/livetvbrasil.com.br\/site\/produto\/lente-sony-e-pz-16-50mm-f-3-5-5-6-oss\/#webpage\",\"url\":\"https:\/\/livetvbrasil.com.br\/site\/produto\/lente-sony-e-pz-16-50mm-f-3-5-5-6-oss\/\",\"name\":\"Lente Sony E Pz 16-50mm F\/3.5-5.6 Oss - LivetvBrasil Streaming Prossional e Produtora\",\"isPartOf\":{\"@id\":\"https:\/\/livetvbrasil.com.br\/site\/#website\"},\"primaryImageOfPage\":{\"@id\":\"https:\/\/livetvbrasil.com.br\/site\/produto\/lente-sony-e-pz-16-50mm-f-3-5-5-6-oss\/#primaryimage\"},\"datePublished\":\"2020-11-01T10:15:54+00:00\",\"dateModified\":\"2020-11-01T10:15:54+00:00\",\"breadcrumb\":{\"@id\":\"https:\/\/livetvbrasil.com.br\/site\/produto\/lente-sony-e-pz-16-50mm-f-3-5-5-6-oss\/#breadcrumb\"},\"inLanguage\":\"pt-BR\",\"potentialAction\":[{\"@type\":\"ReadAction\",\"target\":[\"https:\/\/livetvbrasil.com.br\/site\/produto\/lente-sony-e-pz-16-50mm-f-3-5-5-6-oss\/\"]}]},{\"@type\":\"BreadcrumbList\",\"@id\":\"https:\/\/livetvbrasil.com.br\/site\/produto\/lente-sony-e-pz-16-50mm-f-3-5-5-6-oss\/#breadcrumb\",\"itemListElement\":[{\"@type\":\"ListItem\",\"position\":1,\"item\":{\"@type\":\"WebPage\",\"@id\":\"https:\/\/livetvbrasil.com.br\/site\/\",\"url\":\"https:\/\/livetvbrasil.com.br\/site\/\",\"name\":\"In\\u00edcio\"}},{\"@type\":\"ListItem\",\"position\":2,\"item\":{\"@type\":\"WebPage\",\"@id\":\"https:\/\/livetvbrasil.com.br\/site\/aluguel\/\",\"url\":\"https:\/\/livetvbrasil.com.br\/site\/aluguel\/\",\"name\":\"aluguel\"}},{\"@type\":\"ListItem\",\"position\":3,\"item\":{\"@type\":\"WebPage\",\"@id\":\"https:\/\/livetvbrasil.com.br\/site\/produto\/lente-sony-e-pz-16-50mm-f-3-5-5-6-oss\/\",\"url\":\"https:\/\/livetvbrasil.com.br\/site\/produto\/lente-sony-e-pz-16-50mm-f-3-5-5-6-oss\/\",\"name\":\"Lente Sony E Pz 16-50mm F\/3.5-5.6 Oss\"}}]}]}<\/script>\n<!-- \/ Yoast SEO plugin. -->","_links":{"self":[{"href":"https:\/\/livetvbrasil.com.br\/site\/wp-json\/wp\/v2\/product\/359"}],"collection":[{"href":"https:\/\/livetvbrasil.com.br\/site\/wp-json\/wp\/v2\/product"}],"about":[{"href":"https:\/\/livetvbrasil.com.br\/site\/wp-json\/wp\/v2\/types\/product"}],"wp:featuredmedia":[{"embeddable":true,"href":"https:\/\/livetvbrasil.com.br\/site\/wp-json\/wp\/v2\/media\/360"}],"wp:attachment":[{"href":"https:\/\/livetvbrasil.com.br\/site\/wp-json\/wp\/v2\/media?parent=359"}],"curies":[{"name":"wp","href":"https:\/\/api.w.org\/{rel}","templated":true}]}}