{"id":376,"date":"2020-11-02T12:07:01","date_gmt":"2020-11-02T12:07:01","guid":{"rendered":"https:\/\/livetvbrasil.com.br\/site\/?post_type=product&#038;p=376"},"modified":"2020-11-02T12:07:01","modified_gmt":"2020-11-02T12:07:01","slug":"bastao-vara-de-boom-171cm-para-microfone-flash-ou-camera","status":"publish","type":"product","link":"https:\/\/livetvbrasil.com.br\/site\/produto\/bastao-vara-de-boom-171cm-para-microfone-flash-ou-camera\/","title":{"rendered":"Bast\u00e3o Vara De Boom 171cm Para Microfone, Flash Ou C\u00e2mera"},"content":{"rendered":"<p>Bast\u00e3o Assistente Atek 950B 171cm Vara Boom para Flash Speedlite, C\u00e2mera ou Microfone. O Bast\u00e3o Assistente Atek 950B possui sua arma\u00e7\u00e3o de alum\u00ednio com partes pl\u00e1sticas e sua empunhadura emborrachada para maior fixa\u00e7\u00e3o nas m\u00e3os do utilizador, ideal para produtores audiovisuais que est\u00e3o atr\u00e1s de seguran\u00e7a e resist\u00eancia ao manusear seus equipamentos. \u00c9 considerado como leve e f\u00e1cil de transportar uma vez que pesa somente 520 gramas e mede 67cm de altura quando totalmente fechado, possuindo uma estrutura com 3 se\u00e7\u00f5es e 2 travas de pl\u00e1stico resistente, sendo uma das se\u00e7\u00f5es com a empunhadura emborrachada.<\/p>\n","protected":false},"excerpt":{"rendered":"<p>Bast\u00e3o Assistente Atek 950B 171cm Vara Boom para Flash Speedlite, C\u00e2mera ou Microfone. O Bast\u00e3o Assistente Atek 950B possui sua arma\u00e7\u00e3o de alum\u00ednio com partes pl\u00e1sticas e sua empunhadura emborrachada para maior fixa\u00e7\u00e3o nas m\u00e3os do utilizador, ideal para produtores audiovisuais que est\u00e3o atr\u00e1s de seguran\u00e7a e resist\u00eancia ao manusear seus equipamentos. \u00c9 considerado como [&hellip;]<\/p>\n","protected":false},"featured_media":377,"template":"","meta":[],"yoast_head":"<!-- This site is optimized with the Yoast SEO plugin v15.8 - https:\/\/yoast.com\/wordpress\/plugins\/seo\/ -->\n<meta name=\"robots\" content=\"index, follow, max-snippet:-1, max-image-preview:large, max-video-preview:-1\" \/>\n<link rel=\"canonical\" href=\"https:\/\/livetvbrasil.com.br\/site\/produto\/bastao-vara-de-boom-171cm-para-microfone-flash-ou-camera\/\" \/>\n<meta property=\"og:locale\" content=\"pt_BR\" \/>\n<meta property=\"og:type\" content=\"article\" \/>\n<meta property=\"og:title\" content=\"Bast\u00e3o Vara De Boom 171cm Para Microfone, Flash Ou C\u00e2mera - LivetvBrasil Streaming Prossional e Produtora\" \/>\n<meta property=\"og:description\" content=\"Bast\u00e3o Assistente Atek 950B 171cm Vara Boom para Flash Speedlite, C\u00e2mera ou Microfone. O Bast\u00e3o Assistente Atek 950B possui sua arma\u00e7\u00e3o de alum\u00ednio com partes pl\u00e1sticas e sua empunhadura emborrachada para maior fixa\u00e7\u00e3o nas m\u00e3os do utilizador, ideal para produtores audiovisuais que est\u00e3o atr\u00e1s de seguran\u00e7a e resist\u00eancia ao manusear seus equipamentos. \u00c9 considerado como [&hellip;]\" \/>\n<meta property=\"og:url\" content=\"https:\/\/livetvbrasil.com.br\/site\/produto\/bastao-vara-de-boom-171cm-para-microfone-flash-ou-camera\/\" \/>\n<meta property=\"og:site_name\" content=\"LivetvBrasil Streaming Prossional e Produtora\" \/>\n<meta property=\"og:image\" content=\"https:\/\/livetvbrasil.com.br\/site\/wp-content\/uploads\/2020\/11\/bastao.png\" \/>\n\t<meta property=\"og:image:width\" content=\"280\" \/>\n\t<meta property=\"og:image:height\" content=\"180\" \/>\n<meta name=\"twitter:card\" content=\"summary_large_image\" \/>\n<meta name=\"twitter:label1\" content=\"Est. reading time\">\n\t<meta name=\"twitter:data1\" content=\"1 minuto\">\n<script type=\"application\/ld+json\" class=\"yoast-schema-graph\">{\"@context\":\"https:\/\/schema.org\",\"@graph\":[{\"@type\":\"WebSite\",\"@id\":\"https:\/\/livetvbrasil.com.br\/site\/#website\",\"url\":\"https:\/\/livetvbrasil.com.br\/site\/\",\"name\":\"LivetvBrasil Streaming Prossional e Produtora\",\"description\":\"Live Tv Brasil \\u00e9 especializada em streaming para eventos, shows, desfiles, jogos, treinamentos, cultos, feiras, entre outros.\",\"potentialAction\":[{\"@type\":\"SearchAction\",\"target\":\"https:\/\/livetvbrasil.com.br\/site\/?s={search_term_string}\",\"query-input\":\"required name=search_term_string\"}],\"inLanguage\":\"pt-BR\"},{\"@type\":\"ImageObject\",\"@id\":\"https:\/\/livetvbrasil.com.br\/site\/produto\/bastao-vara-de-boom-171cm-para-microfone-flash-ou-camera\/#primaryimage\",\"inLanguage\":\"pt-BR\",\"url\":\"https:\/\/livetvbrasil.com.br\/site\/wp-content\/uploads\/2020\/11\/bastao.png\",\"width\":280,\"height\":180},{\"@type\":\"WebPage\",\"@id\":\"https:\/\/livetvbrasil.com.br\/site\/produto\/bastao-vara-de-boom-171cm-para-microfone-flash-ou-camera\/#webpage\",\"url\":\"https:\/\/livetvbrasil.com.br\/site\/produto\/bastao-vara-de-boom-171cm-para-microfone-flash-ou-camera\/\",\"name\":\"Bast\\u00e3o Vara De Boom 171cm Para Microfone, Flash Ou C\\u00e2mera - LivetvBrasil Streaming Prossional e Produtora\",\"isPartOf\":{\"@id\":\"https:\/\/livetvbrasil.com.br\/site\/#website\"},\"primaryImageOfPage\":{\"@id\":\"https:\/\/livetvbrasil.com.br\/site\/produto\/bastao-vara-de-boom-171cm-para-microfone-flash-ou-camera\/#primaryimage\"},\"datePublished\":\"2020-11-02T12:07:01+00:00\",\"dateModified\":\"2020-11-02T12:07:01+00:00\",\"breadcrumb\":{\"@id\":\"https:\/\/livetvbrasil.com.br\/site\/produto\/bastao-vara-de-boom-171cm-para-microfone-flash-ou-camera\/#breadcrumb\"},\"inLanguage\":\"pt-BR\",\"potentialAction\":[{\"@type\":\"ReadAction\",\"target\":[\"https:\/\/livetvbrasil.com.br\/site\/produto\/bastao-vara-de-boom-171cm-para-microfone-flash-ou-camera\/\"]}]},{\"@type\":\"BreadcrumbList\",\"@id\":\"https:\/\/livetvbrasil.com.br\/site\/produto\/bastao-vara-de-boom-171cm-para-microfone-flash-ou-camera\/#breadcrumb\",\"itemListElement\":[{\"@type\":\"ListItem\",\"position\":1,\"item\":{\"@type\":\"WebPage\",\"@id\":\"https:\/\/livetvbrasil.com.br\/site\/\",\"url\":\"https:\/\/livetvbrasil.com.br\/site\/\",\"name\":\"In\\u00edcio\"}},{\"@type\":\"ListItem\",\"position\":2,\"item\":{\"@type\":\"WebPage\",\"@id\":\"https:\/\/livetvbrasil.com.br\/site\/aluguel\/\",\"url\":\"https:\/\/livetvbrasil.com.br\/site\/aluguel\/\",\"name\":\"aluguel\"}},{\"@type\":\"ListItem\",\"position\":3,\"item\":{\"@type\":\"WebPage\",\"@id\":\"https:\/\/livetvbrasil.com.br\/site\/produto\/bastao-vara-de-boom-171cm-para-microfone-flash-ou-camera\/\",\"url\":\"https:\/\/livetvbrasil.com.br\/site\/produto\/bastao-vara-de-boom-171cm-para-microfone-flash-ou-camera\/\",\"name\":\"Bast\\u00e3o Vara De Boom 171cm Para Microfone, Flash Ou C\\u00e2mera\"}}]}]}<\/script>\n<!-- \/ Yoast SEO plugin. -->","_links":{"self":[{"href":"https:\/\/livetvbrasil.com.br\/site\/wp-json\/wp\/v2\/product\/376"}],"collection":[{"href":"https:\/\/livetvbrasil.com.br\/site\/wp-json\/wp\/v2\/product"}],"about":[{"href":"https:\/\/livetvbrasil.com.br\/site\/wp-json\/wp\/v2\/types\/product"}],"wp:featuredmedia":[{"embeddable":true,"href":"https:\/\/livetvbrasil.com.br\/site\/wp-json\/wp\/v2\/media\/377"}],"wp:attachment":[{"href":"https:\/\/livetvbrasil.com.br\/site\/wp-json\/wp\/v2\/media?parent=376"}],"curies":[{"name":"wp","href":"https:\/\/api.w.org\/{rel}","templated":true}]}}