{"id":395,"date":"2020-11-15T13:33:12","date_gmt":"2020-11-15T13:33:12","guid":{"rendered":"https:\/\/livetvbrasil.com.br\/site\/?post_type=product&#038;p=395"},"modified":"2021-06-15T10:52:23","modified_gmt":"2021-06-15T10:52:23","slug":"liveu-solo","status":"publish","type":"product","link":"https:\/\/livetvbrasil.com.br\/site\/produto\/liveu-solo\/","title":{"rendered":"LiveU SOLO"},"content":{"rendered":"<p class=\"font_0\">\u00c9 o favorito dos Streamers e Youtubers para transmitir ao vivo com muita qualidade e profissionalismo de qualquer lugar.<\/p>\n<p>O\u00a0LiveU Solo\u00a0tamb\u00e9m \u00e9 o preferido para formatos IRL (In Real Life), com transmiss\u00e3o de v\u00eddeo em movimento e de longa dura\u00e7\u00e3o. Tamb\u00e9m \u00e9 utilizado em produ\u00e7\u00f5es esportivas lowcost como solu\u00e7\u00e3o de transmiss\u00e3o para redes sociais.<\/p>\n","protected":false},"excerpt":{"rendered":"<p>\u00c9 o favorito dos Streamers e Youtubers para transmitir ao vivo com muita qualidade e profissionalismo de qualquer lugar. O\u00a0LiveU Solo\u00a0tamb\u00e9m \u00e9 o preferido para formatos IRL (In Real Life), com transmiss\u00e3o de v\u00eddeo em movimento e de longa dura\u00e7\u00e3o. Tamb\u00e9m \u00e9 utilizado em produ\u00e7\u00f5es esportivas lowcost como solu\u00e7\u00e3o de transmiss\u00e3o para redes sociais.<\/p>\n","protected":false},"featured_media":396,"template":"","meta":[],"yoast_head":"<!-- This site is optimized with the Yoast SEO plugin v15.8 - https:\/\/yoast.com\/wordpress\/plugins\/seo\/ -->\n<meta name=\"robots\" content=\"index, follow, max-snippet:-1, max-image-preview:large, max-video-preview:-1\" \/>\n<link rel=\"canonical\" href=\"https:\/\/livetvbrasil.com.br\/site\/produto\/liveu-solo\/\" \/>\n<meta property=\"og:locale\" content=\"pt_BR\" \/>\n<meta property=\"og:type\" content=\"article\" \/>\n<meta property=\"og:title\" content=\"LiveU SOLO - LivetvBrasil Streaming Prossional e Produtora\" \/>\n<meta property=\"og:description\" content=\"\u00c9 o favorito dos Streamers e Youtubers para transmitir ao vivo com muita qualidade e profissionalismo de qualquer lugar. O\u00a0LiveU Solo\u00a0tamb\u00e9m \u00e9 o preferido para formatos IRL (In Real Life), com transmiss\u00e3o de v\u00eddeo em movimento e de longa dura\u00e7\u00e3o. Tamb\u00e9m \u00e9 utilizado em produ\u00e7\u00f5es esportivas lowcost como solu\u00e7\u00e3o de transmiss\u00e3o para redes sociais.\" \/>\n<meta property=\"og:url\" content=\"https:\/\/livetvbrasil.com.br\/site\/produto\/liveu-solo\/\" \/>\n<meta property=\"og:site_name\" content=\"LivetvBrasil Streaming Prossional e Produtora\" \/>\n<meta property=\"article:modified_time\" content=\"2021-06-15T10:52:23+00:00\" \/>\n<meta property=\"og:image\" content=\"https:\/\/livetvbrasil.com.br\/site\/wp-content\/uploads\/2020\/11\/liveu.png\" \/>\n\t<meta property=\"og:image:width\" content=\"280\" \/>\n\t<meta property=\"og:image:height\" content=\"180\" \/>\n<meta name=\"twitter:card\" content=\"summary_large_image\" \/>\n<script type=\"application\/ld+json\" class=\"yoast-schema-graph\">{\"@context\":\"https:\/\/schema.org\",\"@graph\":[{\"@type\":\"WebSite\",\"@id\":\"https:\/\/livetvbrasil.com.br\/site\/#website\",\"url\":\"https:\/\/livetvbrasil.com.br\/site\/\",\"name\":\"LivetvBrasil Streaming Prossional e Produtora\",\"description\":\"Live Tv Brasil \\u00e9 especializada em streaming para eventos, shows, desfiles, jogos, treinamentos, cultos, feiras, entre outros.\",\"potentialAction\":[{\"@type\":\"SearchAction\",\"target\":\"https:\/\/livetvbrasil.com.br\/site\/?s={search_term_string}\",\"query-input\":\"required name=search_term_string\"}],\"inLanguage\":\"pt-BR\"},{\"@type\":\"ImageObject\",\"@id\":\"https:\/\/livetvbrasil.com.br\/site\/produto\/liveu-solo\/#primaryimage\",\"inLanguage\":\"pt-BR\",\"url\":\"https:\/\/livetvbrasil.com.br\/site\/wp-content\/uploads\/2020\/11\/liveu.png\",\"width\":280,\"height\":180},{\"@type\":\"WebPage\",\"@id\":\"https:\/\/livetvbrasil.com.br\/site\/produto\/liveu-solo\/#webpage\",\"url\":\"https:\/\/livetvbrasil.com.br\/site\/produto\/liveu-solo\/\",\"name\":\"LiveU SOLO - LivetvBrasil Streaming Prossional e Produtora\",\"isPartOf\":{\"@id\":\"https:\/\/livetvbrasil.com.br\/site\/#website\"},\"primaryImageOfPage\":{\"@id\":\"https:\/\/livetvbrasil.com.br\/site\/produto\/liveu-solo\/#primaryimage\"},\"datePublished\":\"2020-11-15T13:33:12+00:00\",\"dateModified\":\"2021-06-15T10:52:23+00:00\",\"breadcrumb\":{\"@id\":\"https:\/\/livetvbrasil.com.br\/site\/produto\/liveu-solo\/#breadcrumb\"},\"inLanguage\":\"pt-BR\",\"potentialAction\":[{\"@type\":\"ReadAction\",\"target\":[\"https:\/\/livetvbrasil.com.br\/site\/produto\/liveu-solo\/\"]}]},{\"@type\":\"BreadcrumbList\",\"@id\":\"https:\/\/livetvbrasil.com.br\/site\/produto\/liveu-solo\/#breadcrumb\",\"itemListElement\":[{\"@type\":\"ListItem\",\"position\":1,\"item\":{\"@type\":\"WebPage\",\"@id\":\"https:\/\/livetvbrasil.com.br\/site\/\",\"url\":\"https:\/\/livetvbrasil.com.br\/site\/\",\"name\":\"In\\u00edcio\"}},{\"@type\":\"ListItem\",\"position\":2,\"item\":{\"@type\":\"WebPage\",\"@id\":\"https:\/\/livetvbrasil.com.br\/site\/aluguel\/\",\"url\":\"https:\/\/livetvbrasil.com.br\/site\/aluguel\/\",\"name\":\"aluguel\"}},{\"@type\":\"ListItem\",\"position\":3,\"item\":{\"@type\":\"WebPage\",\"@id\":\"https:\/\/livetvbrasil.com.br\/site\/produto\/liveu-solo\/\",\"url\":\"https:\/\/livetvbrasil.com.br\/site\/produto\/liveu-solo\/\",\"name\":\"LiveU SOLO\"}}]}]}<\/script>\n<!-- \/ Yoast SEO plugin. -->","_links":{"self":[{"href":"https:\/\/livetvbrasil.com.br\/site\/wp-json\/wp\/v2\/product\/395"}],"collection":[{"href":"https:\/\/livetvbrasil.com.br\/site\/wp-json\/wp\/v2\/product"}],"about":[{"href":"https:\/\/livetvbrasil.com.br\/site\/wp-json\/wp\/v2\/types\/product"}],"wp:featuredmedia":[{"embeddable":true,"href":"https:\/\/livetvbrasil.com.br\/site\/wp-json\/wp\/v2\/media\/396"}],"wp:attachment":[{"href":"https:\/\/livetvbrasil.com.br\/site\/wp-json\/wp\/v2\/media?parent=395"}],"curies":[{"name":"wp","href":"https:\/\/api.w.org\/{rel}","templated":true}]}}