{"id":453,"date":"2020-12-09T19:24:01","date_gmt":"2020-12-09T19:24:01","guid":{"rendered":"https:\/\/livetvbrasil.com.br\/site\/?post_type=product&#038;p=453"},"modified":"2020-12-09T19:24:02","modified_gmt":"2020-12-09T19:24:02","slug":"estabilizador-inteligente-gimbal-moza-air-2","status":"publish","type":"product","link":"https:\/\/livetvbrasil.com.br\/site\/produto\/estabilizador-inteligente-gimbal-moza-air-2\/","title":{"rendered":"Estabilizador Inteligente Gimbal Moza Air 2"},"content":{"rendered":"<p>Suporte C\u00e2meras at\u00e9 4.2kg<br \/>\nPossui 8 Follow Modes<br \/>\nSuporte Sistema Controle Lentes iFOCUS<br \/>\nVis\u00e3o desobstru\u00edda LCD da C\u00e2mera<br \/>\n12 Bot\u00f5es Cardan, C\u00e2mera e Configura\u00e7\u00f5es<br \/>\nJoystick e Controles Personaliz\u00e1vel<br \/>\nExibi\u00e7\u00e3o Feedback de Informa\u00e7\u00f5es OLED<br \/>\n4 Baterias com Dura\u00e7\u00e3o de at\u00e9 14horas<br \/>\nV\u00e1rias Fun\u00e7\u00f5es Time-Lapse F<br \/>\nAutoajuste Inteligente<\/p>\n","protected":false},"excerpt":{"rendered":"<p>Suporte C\u00e2meras at\u00e9 4.2kg Possui 8 Follow Modes Suporte Sistema Controle Lentes iFOCUS Vis\u00e3o desobstru\u00edda LCD da C\u00e2mera 12 Bot\u00f5es Cardan, C\u00e2mera e Configura\u00e7\u00f5es Joystick e Controles Personaliz\u00e1vel Exibi\u00e7\u00e3o Feedback de Informa\u00e7\u00f5es OLED 4 Baterias com Dura\u00e7\u00e3o de at\u00e9 14horas V\u00e1rias Fun\u00e7\u00f5es Time-Lapse F Autoajuste Inteligente<\/p>\n","protected":false},"featured_media":454,"template":"","meta":[],"yoast_head":"<!-- This site is optimized with the Yoast SEO plugin v15.8 - https:\/\/yoast.com\/wordpress\/plugins\/seo\/ -->\n<meta name=\"robots\" content=\"index, follow, max-snippet:-1, max-image-preview:large, max-video-preview:-1\" \/>\n<link rel=\"canonical\" href=\"https:\/\/livetvbrasil.com.br\/site\/produto\/estabilizador-inteligente-gimbal-moza-air-2\/\" \/>\n<meta property=\"og:locale\" content=\"pt_BR\" \/>\n<meta property=\"og:type\" content=\"article\" \/>\n<meta property=\"og:title\" content=\"Estabilizador Inteligente Gimbal Moza Air 2 - LivetvBrasil Streaming Prossional e Produtora\" \/>\n<meta property=\"og:description\" content=\"Suporte C\u00e2meras at\u00e9 4.2kg Possui 8 Follow Modes Suporte Sistema Controle Lentes iFOCUS Vis\u00e3o desobstru\u00edda LCD da C\u00e2mera 12 Bot\u00f5es Cardan, C\u00e2mera e Configura\u00e7\u00f5es Joystick e Controles Personaliz\u00e1vel Exibi\u00e7\u00e3o Feedback de Informa\u00e7\u00f5es OLED 4 Baterias com Dura\u00e7\u00e3o de at\u00e9 14horas V\u00e1rias Fun\u00e7\u00f5es Time-Lapse F Autoajuste Inteligente\" \/>\n<meta property=\"og:url\" content=\"https:\/\/livetvbrasil.com.br\/site\/produto\/estabilizador-inteligente-gimbal-moza-air-2\/\" \/>\n<meta property=\"og:site_name\" content=\"LivetvBrasil Streaming Prossional e Produtora\" \/>\n<meta property=\"article:modified_time\" content=\"2020-12-09T19:24:02+00:00\" \/>\n<meta property=\"og:image\" content=\"https:\/\/livetvbrasil.com.br\/site\/wp-content\/uploads\/2020\/12\/moza.png\" \/>\n\t<meta property=\"og:image:width\" content=\"280\" \/>\n\t<meta property=\"og:image:height\" content=\"180\" \/>\n<meta name=\"twitter:card\" content=\"summary_large_image\" \/>\n<script type=\"application\/ld+json\" class=\"yoast-schema-graph\">{\"@context\":\"https:\/\/schema.org\",\"@graph\":[{\"@type\":\"WebSite\",\"@id\":\"https:\/\/livetvbrasil.com.br\/site\/#website\",\"url\":\"https:\/\/livetvbrasil.com.br\/site\/\",\"name\":\"LivetvBrasil Streaming Prossional e Produtora\",\"description\":\"Live Tv Brasil \\u00e9 especializada em streaming para eventos, shows, desfiles, jogos, treinamentos, cultos, feiras, entre outros.\",\"potentialAction\":[{\"@type\":\"SearchAction\",\"target\":\"https:\/\/livetvbrasil.com.br\/site\/?s={search_term_string}\",\"query-input\":\"required name=search_term_string\"}],\"inLanguage\":\"pt-BR\"},{\"@type\":\"ImageObject\",\"@id\":\"https:\/\/livetvbrasil.com.br\/site\/produto\/estabilizador-inteligente-gimbal-moza-air-2\/#primaryimage\",\"inLanguage\":\"pt-BR\",\"url\":\"https:\/\/livetvbrasil.com.br\/site\/wp-content\/uploads\/2020\/12\/moza.png\",\"width\":280,\"height\":180},{\"@type\":\"WebPage\",\"@id\":\"https:\/\/livetvbrasil.com.br\/site\/produto\/estabilizador-inteligente-gimbal-moza-air-2\/#webpage\",\"url\":\"https:\/\/livetvbrasil.com.br\/site\/produto\/estabilizador-inteligente-gimbal-moza-air-2\/\",\"name\":\"Estabilizador Inteligente Gimbal Moza Air 2 - LivetvBrasil Streaming Prossional e Produtora\",\"isPartOf\":{\"@id\":\"https:\/\/livetvbrasil.com.br\/site\/#website\"},\"primaryImageOfPage\":{\"@id\":\"https:\/\/livetvbrasil.com.br\/site\/produto\/estabilizador-inteligente-gimbal-moza-air-2\/#primaryimage\"},\"datePublished\":\"2020-12-09T19:24:01+00:00\",\"dateModified\":\"2020-12-09T19:24:02+00:00\",\"breadcrumb\":{\"@id\":\"https:\/\/livetvbrasil.com.br\/site\/produto\/estabilizador-inteligente-gimbal-moza-air-2\/#breadcrumb\"},\"inLanguage\":\"pt-BR\",\"potentialAction\":[{\"@type\":\"ReadAction\",\"target\":[\"https:\/\/livetvbrasil.com.br\/site\/produto\/estabilizador-inteligente-gimbal-moza-air-2\/\"]}]},{\"@type\":\"BreadcrumbList\",\"@id\":\"https:\/\/livetvbrasil.com.br\/site\/produto\/estabilizador-inteligente-gimbal-moza-air-2\/#breadcrumb\",\"itemListElement\":[{\"@type\":\"ListItem\",\"position\":1,\"item\":{\"@type\":\"WebPage\",\"@id\":\"https:\/\/livetvbrasil.com.br\/site\/\",\"url\":\"https:\/\/livetvbrasil.com.br\/site\/\",\"name\":\"In\\u00edcio\"}},{\"@type\":\"ListItem\",\"position\":2,\"item\":{\"@type\":\"WebPage\",\"@id\":\"https:\/\/livetvbrasil.com.br\/site\/aluguel\/\",\"url\":\"https:\/\/livetvbrasil.com.br\/site\/aluguel\/\",\"name\":\"aluguel\"}},{\"@type\":\"ListItem\",\"position\":3,\"item\":{\"@type\":\"WebPage\",\"@id\":\"https:\/\/livetvbrasil.com.br\/site\/produto\/estabilizador-inteligente-gimbal-moza-air-2\/\",\"url\":\"https:\/\/livetvbrasil.com.br\/site\/produto\/estabilizador-inteligente-gimbal-moza-air-2\/\",\"name\":\"Estabilizador Inteligente Gimbal Moza Air 2\"}}]}]}<\/script>\n<!-- \/ Yoast SEO plugin. -->","_links":{"self":[{"href":"https:\/\/livetvbrasil.com.br\/site\/wp-json\/wp\/v2\/product\/453"}],"collection":[{"href":"https:\/\/livetvbrasil.com.br\/site\/wp-json\/wp\/v2\/product"}],"about":[{"href":"https:\/\/livetvbrasil.com.br\/site\/wp-json\/wp\/v2\/types\/product"}],"wp:featuredmedia":[{"embeddable":true,"href":"https:\/\/livetvbrasil.com.br\/site\/wp-json\/wp\/v2\/media\/454"}],"wp:attachment":[{"href":"https:\/\/livetvbrasil.com.br\/site\/wp-json\/wp\/v2\/media?parent=453"}],"curies":[{"name":"wp","href":"https:\/\/api.w.org\/{rel}","templated":true}]}}