{"id":462,"date":"2021-06-15T10:59:53","date_gmt":"2021-06-15T10:59:53","guid":{"rendered":"https:\/\/livetvbrasil.com.br\/site\/?post_type=product&#038;p=462"},"modified":"2021-06-15T11:00:23","modified_gmt":"2021-06-15T11:00:23","slug":"intercom-wireless-mars-t1000-full-duplex-hollyland","status":"publish","type":"product","link":"https:\/\/livetvbrasil.com.br\/site\/produto\/intercom-wireless-mars-t1000-full-duplex-hollyland\/","title":{"rendered":"Intercom Wireless Mars T1000 Full Duplex Hollyland"},"content":{"rendered":"<p>O Hollyland Mars T1000 acompanha uma base como esta\u00e7\u00e3o e suporta at\u00e9 4 beltpacks (inclusos) simultaneamente. O sistema sem fio de intercom full duplex, possui uma frequ\u00eancia de 1.9GHz e suporta configura\u00e7\u00e3o de frequ\u00eancia para diferentes territ\u00f3rios. Com a tecnologia de protocolo DECT, o MARS T1000 \u00e9 amplamente utilizado nas \u00e1reas de est\u00fadio, eventos com palco, EFP, webcasting, cinema e etc.<\/p>\n","protected":false},"excerpt":{"rendered":"<p>O Hollyland Mars T1000 acompanha uma base como esta\u00e7\u00e3o e suporta at\u00e9 4 beltpacks (inclusos) simultaneamente. O sistema sem fio de intercom full duplex, possui uma frequ\u00eancia de 1.9GHz e suporta configura\u00e7\u00e3o de frequ\u00eancia para diferentes territ\u00f3rios. Com a tecnologia de protocolo DECT, o MARS T1000 \u00e9 amplamente utilizado nas \u00e1reas de est\u00fadio, eventos com [&hellip;]<\/p>\n","protected":false},"featured_media":463,"template":"","meta":[],"yoast_head":"<!-- This site is optimized with the Yoast SEO plugin v15.8 - https:\/\/yoast.com\/wordpress\/plugins\/seo\/ -->\n<meta name=\"robots\" content=\"index, follow, max-snippet:-1, max-image-preview:large, max-video-preview:-1\" \/>\n<link rel=\"canonical\" href=\"https:\/\/livetvbrasil.com.br\/site\/produto\/intercom-wireless-mars-t1000-full-duplex-hollyland\/\" \/>\n<meta property=\"og:locale\" content=\"pt_BR\" \/>\n<meta property=\"og:type\" content=\"article\" \/>\n<meta property=\"og:title\" content=\"Intercom Wireless Mars T1000 Full Duplex Hollyland - LivetvBrasil Streaming Prossional e Produtora\" \/>\n<meta property=\"og:description\" content=\"O Hollyland Mars T1000 acompanha uma base como esta\u00e7\u00e3o e suporta at\u00e9 4 beltpacks (inclusos) simultaneamente. O sistema sem fio de intercom full duplex, possui uma frequ\u00eancia de 1.9GHz e suporta configura\u00e7\u00e3o de frequ\u00eancia para diferentes territ\u00f3rios. Com a tecnologia de protocolo DECT, o MARS T1000 \u00e9 amplamente utilizado nas \u00e1reas de est\u00fadio, eventos com [&hellip;]\" \/>\n<meta property=\"og:url\" content=\"https:\/\/livetvbrasil.com.br\/site\/produto\/intercom-wireless-mars-t1000-full-duplex-hollyland\/\" \/>\n<meta property=\"og:site_name\" content=\"LivetvBrasil Streaming Prossional e Produtora\" \/>\n<meta property=\"article:modified_time\" content=\"2021-06-15T11:00:23+00:00\" \/>\n<meta property=\"og:image\" content=\"https:\/\/livetvbrasil.com.br\/site\/wp-content\/uploads\/2021\/06\/holliandt1000.png\" \/>\n\t<meta property=\"og:image:width\" content=\"280\" \/>\n\t<meta property=\"og:image:height\" content=\"180\" \/>\n<meta name=\"twitter:card\" content=\"summary_large_image\" \/>\n<meta name=\"twitter:label1\" content=\"Est. reading time\">\n\t<meta name=\"twitter:data1\" content=\"1 minuto\">\n<script type=\"application\/ld+json\" class=\"yoast-schema-graph\">{\"@context\":\"https:\/\/schema.org\",\"@graph\":[{\"@type\":\"WebSite\",\"@id\":\"https:\/\/livetvbrasil.com.br\/site\/#website\",\"url\":\"https:\/\/livetvbrasil.com.br\/site\/\",\"name\":\"LivetvBrasil Streaming Prossional e Produtora\",\"description\":\"Live Tv Brasil \\u00e9 especializada em streaming para eventos, shows, desfiles, jogos, treinamentos, cultos, feiras, entre outros.\",\"potentialAction\":[{\"@type\":\"SearchAction\",\"target\":\"https:\/\/livetvbrasil.com.br\/site\/?s={search_term_string}\",\"query-input\":\"required name=search_term_string\"}],\"inLanguage\":\"pt-BR\"},{\"@type\":\"ImageObject\",\"@id\":\"https:\/\/livetvbrasil.com.br\/site\/produto\/intercom-wireless-mars-t1000-full-duplex-hollyland\/#primaryimage\",\"inLanguage\":\"pt-BR\",\"url\":\"https:\/\/livetvbrasil.com.br\/site\/wp-content\/uploads\/2021\/06\/holliandt1000.png\",\"width\":280,\"height\":180},{\"@type\":\"WebPage\",\"@id\":\"https:\/\/livetvbrasil.com.br\/site\/produto\/intercom-wireless-mars-t1000-full-duplex-hollyland\/#webpage\",\"url\":\"https:\/\/livetvbrasil.com.br\/site\/produto\/intercom-wireless-mars-t1000-full-duplex-hollyland\/\",\"name\":\"Intercom Wireless Mars T1000 Full Duplex Hollyland - LivetvBrasil Streaming Prossional e Produtora\",\"isPartOf\":{\"@id\":\"https:\/\/livetvbrasil.com.br\/site\/#website\"},\"primaryImageOfPage\":{\"@id\":\"https:\/\/livetvbrasil.com.br\/site\/produto\/intercom-wireless-mars-t1000-full-duplex-hollyland\/#primaryimage\"},\"datePublished\":\"2021-06-15T10:59:53+00:00\",\"dateModified\":\"2021-06-15T11:00:23+00:00\",\"breadcrumb\":{\"@id\":\"https:\/\/livetvbrasil.com.br\/site\/produto\/intercom-wireless-mars-t1000-full-duplex-hollyland\/#breadcrumb\"},\"inLanguage\":\"pt-BR\",\"potentialAction\":[{\"@type\":\"ReadAction\",\"target\":[\"https:\/\/livetvbrasil.com.br\/site\/produto\/intercom-wireless-mars-t1000-full-duplex-hollyland\/\"]}]},{\"@type\":\"BreadcrumbList\",\"@id\":\"https:\/\/livetvbrasil.com.br\/site\/produto\/intercom-wireless-mars-t1000-full-duplex-hollyland\/#breadcrumb\",\"itemListElement\":[{\"@type\":\"ListItem\",\"position\":1,\"item\":{\"@type\":\"WebPage\",\"@id\":\"https:\/\/livetvbrasil.com.br\/site\/\",\"url\":\"https:\/\/livetvbrasil.com.br\/site\/\",\"name\":\"In\\u00edcio\"}},{\"@type\":\"ListItem\",\"position\":2,\"item\":{\"@type\":\"WebPage\",\"@id\":\"https:\/\/livetvbrasil.com.br\/site\/aluguel\/\",\"url\":\"https:\/\/livetvbrasil.com.br\/site\/aluguel\/\",\"name\":\"aluguel\"}},{\"@type\":\"ListItem\",\"position\":3,\"item\":{\"@type\":\"WebPage\",\"@id\":\"https:\/\/livetvbrasil.com.br\/site\/produto\/intercom-wireless-mars-t1000-full-duplex-hollyland\/\",\"url\":\"https:\/\/livetvbrasil.com.br\/site\/produto\/intercom-wireless-mars-t1000-full-duplex-hollyland\/\",\"name\":\"Intercom Wireless Mars T1000 Full Duplex Hollyland\"}}]}]}<\/script>\n<!-- \/ Yoast SEO plugin. -->","_links":{"self":[{"href":"https:\/\/livetvbrasil.com.br\/site\/wp-json\/wp\/v2\/product\/462"}],"collection":[{"href":"https:\/\/livetvbrasil.com.br\/site\/wp-json\/wp\/v2\/product"}],"about":[{"href":"https:\/\/livetvbrasil.com.br\/site\/wp-json\/wp\/v2\/types\/product"}],"wp:featuredmedia":[{"embeddable":true,"href":"https:\/\/livetvbrasil.com.br\/site\/wp-json\/wp\/v2\/media\/463"}],"wp:attachment":[{"href":"https:\/\/livetvbrasil.com.br\/site\/wp-json\/wp\/v2\/media?parent=462"}],"curies":[{"name":"wp","href":"https:\/\/api.w.org\/{rel}","templated":true}]}}