{"id":468,"date":"2021-06-15T11:16:23","date_gmt":"2021-06-15T11:16:23","guid":{"rendered":"https:\/\/livetvbrasil.com.br\/site\/?post_type=product&#038;p=468"},"modified":"2021-06-15T11:16:23","modified_gmt":"2021-06-15T11:16:23","slug":"controle-camera-ptz","status":"publish","type":"product","link":"https:\/\/livetvbrasil.com.br\/site\/produto\/controle-camera-ptz\/","title":{"rendered":"Controle Camera PTZ"},"content":{"rendered":"<p>CONTROLE RS-485 VISCA ou PELCOO NEOiD PTZ controller \u00e9 o equipamento para controle de c\u00e2meras PTZ mais vers\u00e1til e de melhor custo benef\u00edcio do Brasil. Compat\u00edvel com o sistema\u00a0VISCA e\u00a0PELCO<\/p>\n","protected":false},"excerpt":{"rendered":"<p>CONTROLE RS-485 VISCA ou PELCOO NEOiD PTZ controller \u00e9 o equipamento para controle de c\u00e2meras PTZ mais vers\u00e1til e de melhor custo benef\u00edcio do Brasil. Compat\u00edvel com o sistema\u00a0VISCA e\u00a0PELCO<\/p>\n","protected":false},"featured_media":469,"template":"","meta":[],"yoast_head":"<!-- This site is optimized with the Yoast SEO plugin v15.8 - https:\/\/yoast.com\/wordpress\/plugins\/seo\/ -->\n<meta name=\"robots\" content=\"index, follow, max-snippet:-1, max-image-preview:large, max-video-preview:-1\" \/>\n<link rel=\"canonical\" href=\"https:\/\/livetvbrasil.com.br\/site\/produto\/controle-camera-ptz\/\" \/>\n<meta property=\"og:locale\" content=\"pt_BR\" \/>\n<meta property=\"og:type\" content=\"article\" \/>\n<meta property=\"og:title\" content=\"Controle Camera PTZ - LivetvBrasil Streaming Prossional e Produtora\" \/>\n<meta property=\"og:description\" content=\"CONTROLE RS-485 VISCA ou PELCOO NEOiD PTZ controller \u00e9 o equipamento para controle de c\u00e2meras PTZ mais vers\u00e1til e de melhor custo benef\u00edcio do Brasil. Compat\u00edvel com o sistema\u00a0VISCA e\u00a0PELCO\" \/>\n<meta property=\"og:url\" content=\"https:\/\/livetvbrasil.com.br\/site\/produto\/controle-camera-ptz\/\" \/>\n<meta property=\"og:site_name\" content=\"LivetvBrasil Streaming Prossional e Produtora\" \/>\n<meta property=\"og:image\" content=\"https:\/\/livetvbrasil.com.br\/site\/wp-content\/uploads\/2021\/06\/controle.png\" \/>\n\t<meta property=\"og:image:width\" content=\"280\" \/>\n\t<meta property=\"og:image:height\" content=\"180\" \/>\n<meta name=\"twitter:card\" content=\"summary_large_image\" \/>\n<meta name=\"twitter:label1\" content=\"Est. reading time\">\n\t<meta name=\"twitter:data1\" content=\"1 minuto\">\n<script type=\"application\/ld+json\" class=\"yoast-schema-graph\">{\"@context\":\"https:\/\/schema.org\",\"@graph\":[{\"@type\":\"WebSite\",\"@id\":\"https:\/\/livetvbrasil.com.br\/site\/#website\",\"url\":\"https:\/\/livetvbrasil.com.br\/site\/\",\"name\":\"LivetvBrasil Streaming Prossional e Produtora\",\"description\":\"Live Tv Brasil \\u00e9 especializada em streaming para eventos, shows, desfiles, jogos, treinamentos, cultos, feiras, entre outros.\",\"potentialAction\":[{\"@type\":\"SearchAction\",\"target\":\"https:\/\/livetvbrasil.com.br\/site\/?s={search_term_string}\",\"query-input\":\"required name=search_term_string\"}],\"inLanguage\":\"pt-BR\"},{\"@type\":\"ImageObject\",\"@id\":\"https:\/\/livetvbrasil.com.br\/site\/produto\/controle-camera-ptz\/#primaryimage\",\"inLanguage\":\"pt-BR\",\"url\":\"https:\/\/livetvbrasil.com.br\/site\/wp-content\/uploads\/2021\/06\/controle.png\",\"width\":280,\"height\":180},{\"@type\":\"WebPage\",\"@id\":\"https:\/\/livetvbrasil.com.br\/site\/produto\/controle-camera-ptz\/#webpage\",\"url\":\"https:\/\/livetvbrasil.com.br\/site\/produto\/controle-camera-ptz\/\",\"name\":\"Controle Camera PTZ - LivetvBrasil Streaming Prossional e Produtora\",\"isPartOf\":{\"@id\":\"https:\/\/livetvbrasil.com.br\/site\/#website\"},\"primaryImageOfPage\":{\"@id\":\"https:\/\/livetvbrasil.com.br\/site\/produto\/controle-camera-ptz\/#primaryimage\"},\"datePublished\":\"2021-06-15T11:16:23+00:00\",\"dateModified\":\"2021-06-15T11:16:23+00:00\",\"breadcrumb\":{\"@id\":\"https:\/\/livetvbrasil.com.br\/site\/produto\/controle-camera-ptz\/#breadcrumb\"},\"inLanguage\":\"pt-BR\",\"potentialAction\":[{\"@type\":\"ReadAction\",\"target\":[\"https:\/\/livetvbrasil.com.br\/site\/produto\/controle-camera-ptz\/\"]}]},{\"@type\":\"BreadcrumbList\",\"@id\":\"https:\/\/livetvbrasil.com.br\/site\/produto\/controle-camera-ptz\/#breadcrumb\",\"itemListElement\":[{\"@type\":\"ListItem\",\"position\":1,\"item\":{\"@type\":\"WebPage\",\"@id\":\"https:\/\/livetvbrasil.com.br\/site\/\",\"url\":\"https:\/\/livetvbrasil.com.br\/site\/\",\"name\":\"In\\u00edcio\"}},{\"@type\":\"ListItem\",\"position\":2,\"item\":{\"@type\":\"WebPage\",\"@id\":\"https:\/\/livetvbrasil.com.br\/site\/aluguel\/\",\"url\":\"https:\/\/livetvbrasil.com.br\/site\/aluguel\/\",\"name\":\"aluguel\"}},{\"@type\":\"ListItem\",\"position\":3,\"item\":{\"@type\":\"WebPage\",\"@id\":\"https:\/\/livetvbrasil.com.br\/site\/produto\/controle-camera-ptz\/\",\"url\":\"https:\/\/livetvbrasil.com.br\/site\/produto\/controle-camera-ptz\/\",\"name\":\"Controle Camera PTZ\"}}]}]}<\/script>\n<!-- \/ Yoast SEO plugin. -->","_links":{"self":[{"href":"https:\/\/livetvbrasil.com.br\/site\/wp-json\/wp\/v2\/product\/468"}],"collection":[{"href":"https:\/\/livetvbrasil.com.br\/site\/wp-json\/wp\/v2\/product"}],"about":[{"href":"https:\/\/livetvbrasil.com.br\/site\/wp-json\/wp\/v2\/types\/product"}],"wp:featuredmedia":[{"embeddable":true,"href":"https:\/\/livetvbrasil.com.br\/site\/wp-json\/wp\/v2\/media\/469"}],"wp:attachment":[{"href":"https:\/\/livetvbrasil.com.br\/site\/wp-json\/wp\/v2\/media?parent=468"}],"curies":[{"name":"wp","href":"https:\/\/api.w.org\/{rel}","templated":true}]}}